{"id":2129,"date":"2022-04-07T16:55:22","date_gmt":"2022-04-07T20:55:22","guid":{"rendered":"https:\/\/coopgymsantesutton.com\/make-a-donation\/"},"modified":"2026-03-18T09:59:13","modified_gmt":"2026-03-18T13:59:13","slug":"make-a-donation","status":"publish","type":"page","link":"https:\/\/coopgymsantesutton.com\/en\/make-a-donation\/","title":{"rendered":"Make a donation"},"content":{"rendered":"\n\n\t\t<h3><a href=\"https:\/\/www.canadahelps.org\/en\/charities\/Townshippers-Foundation\/\" target=\"_blank\" rel=\"noopener\">Donation to Coop gym sant\u00e9 Sutton<\/a><\/h3>\t\t\n\t\t\t<blockquote><p>Making a donation to Coop gym sant\u00e9 Sutton allows you to support the organization in achieving its mission.<\/p>\n<p>An agreement between Coop gym sant\u00e9 Sutton and the Townshippers Foundation allows for a tax receipt to be issued. On the donation page, choose Coop gym sant\u00e9 Sutton from the drop-down menu.<\/p>\n<p>Thank you for your support!<\/p><\/blockquote>\n\t\t\t<a href=\"https:\/\/www.canadahelps.org\/en\/charities\/Townshippers-Foundation\/\" target=\"_blank\" role=\"button\" rel=\"noopener\">\n\t\t\t\t\t\t\tMake a donation\n\t\t\t\t\t<\/a>\n\t\t\t<a href=\"https:\/\/coopgymsantesutton.com\/wp-content\/uploads\/2023\/05\/Pas-a-pas.docx\" target=\"_blank\" role=\"button\" rel=\"noopener\">\n\t\t\t\t\t\t\tStep by step\n\t\t\t\t\t<\/a>\n\n","protected":false},"excerpt":{"rendered":"<p>Donation to Coop gym sant\u00e9 Sutton Making a donation to Coop gym sant\u00e9 Sutton allows you to support the organization in achieving its mission. An agreement between Coop gym sant\u00e9 Sutton and the Townshippers Foundation allows for a tax receipt to be issued. On the donation page, choose Coop gym sant\u00e9 Sutton from the drop-down&hellip;<\/p>\n","protected":false},"author":2,"featured_media":0,"parent":0,"menu_order":0,"comment_status":"closed","ping_status":"closed","template":"","meta":{"footnotes":""},"class_list":["post-2129","page","type-page","status-publish","hentry"],"yoast_head":"<!-- This site is optimized with the Yoast SEO plugin v27.3 - https:\/\/yoast.com\/product\/yoast-seo-wordpress\/ -->\n<title>Make a donation - Coop Gym Sant\u00e9 Sutton<\/title>\n<meta name=\"robots\" content=\"index, follow, max-snippet:-1, max-image-preview:large, max-video-preview:-1\" \/>\n<link rel=\"canonical\" href=\"https:\/\/coopgymsantesutton.com\/en\/make-a-donation\/\" \/>\n<meta property=\"og:locale\" content=\"en_US\" \/>\n<meta property=\"og:type\" content=\"article\" \/>\n<meta property=\"og:title\" content=\"Make a donation - Coop Gym Sant\u00e9 Sutton\" \/>\n<meta property=\"og:description\" content=\"Donation to Coop gym sant\u00e9 Sutton Making a donation to Coop gym sant\u00e9 Sutton allows you to support the organization in achieving its mission. An agreement between Coop gym sant\u00e9 Sutton and the Townshippers Foundation allows for a tax receipt to be issued. On the donation page, choose Coop gym sant\u00e9 Sutton from the drop-down&hellip;\" \/>\n<meta property=\"og:url\" content=\"https:\/\/coopgymsantesutton.com\/en\/make-a-donation\/\" \/>\n<meta property=\"og:site_name\" content=\"Coop Gym Sant\u00e9 Sutton\" \/>\n<meta property=\"article:publisher\" content=\"https:\/\/www.facebook.com\/coopgymsantesutton\/\" \/>\n<meta property=\"article:modified_time\" content=\"2026-03-18T13:59:13+00:00\" \/>\n<meta name=\"twitter:card\" content=\"summary_large_image\" \/>\n<meta name=\"twitter:label1\" content=\"Est. reading time\" \/>\n\t<meta name=\"twitter:data1\" content=\"1 minute\" \/>\n<script type=\"application\/ld+json\" class=\"yoast-schema-graph\">{\"@context\":\"https:\\\/\\\/schema.org\",\"@graph\":[{\"@type\":\"WebPage\",\"@id\":\"https:\\\/\\\/coopgymsantesutton.com\\\/en\\\/make-a-donation\\\/\",\"url\":\"https:\\\/\\\/coopgymsantesutton.com\\\/en\\\/make-a-donation\\\/\",\"name\":\"Make a donation - Coop Gym Sant\u00e9 Sutton\",\"isPartOf\":{\"@id\":\"https:\\\/\\\/coopgymsantesutton.com\\\/en\\\/#website\"},\"datePublished\":\"2022-04-07T20:55:22+00:00\",\"dateModified\":\"2026-03-18T13:59:13+00:00\",\"breadcrumb\":{\"@id\":\"https:\\\/\\\/coopgymsantesutton.com\\\/en\\\/make-a-donation\\\/#breadcrumb\"},\"inLanguage\":\"en-US\",\"potentialAction\":[{\"@type\":\"ReadAction\",\"target\":[\"https:\\\/\\\/coopgymsantesutton.com\\\/en\\\/make-a-donation\\\/\"]}]},{\"@type\":\"BreadcrumbList\",\"@id\":\"https:\\\/\\\/coopgymsantesutton.com\\\/en\\\/make-a-donation\\\/#breadcrumb\",\"itemListElement\":[{\"@type\":\"ListItem\",\"position\":1,\"name\":\"Accueil\",\"item\":\"https:\\\/\\\/coopgymsantesutton.com\\\/en\\\/home\\\/\"},{\"@type\":\"ListItem\",\"position\":2,\"name\":\"Make a donation\"}]},{\"@type\":\"WebSite\",\"@id\":\"https:\\\/\\\/coopgymsantesutton.com\\\/en\\\/#website\",\"url\":\"https:\\\/\\\/coopgymsantesutton.com\\\/en\\\/\",\"name\":\"Coop Gym Sant\u00e9 Sutton\",\"description\":\"Votre centre d&#039;entrainement \u00e0 Sutton\",\"publisher\":{\"@id\":\"https:\\\/\\\/coopgymsantesutton.com\\\/en\\\/#organization\"},\"potentialAction\":[{\"@type\":\"SearchAction\",\"target\":{\"@type\":\"EntryPoint\",\"urlTemplate\":\"https:\\\/\\\/coopgymsantesutton.com\\\/en\\\/?s={search_term_string}\"},\"query-input\":{\"@type\":\"PropertyValueSpecification\",\"valueRequired\":true,\"valueName\":\"search_term_string\"}}],\"inLanguage\":\"en-US\"},{\"@type\":\"Organization\",\"@id\":\"https:\\\/\\\/coopgymsantesutton.com\\\/en\\\/#organization\",\"name\":\"Coop Gym Sant\u00e9 Sutton\",\"url\":\"https:\\\/\\\/coopgymsantesutton.com\\\/en\\\/\",\"logo\":{\"@type\":\"ImageObject\",\"inLanguage\":\"en-US\",\"@id\":\"https:\\\/\\\/coopgymsantesutton.com\\\/en\\\/#\\\/schema\\\/logo\\\/image\\\/\",\"url\":\"\",\"contentUrl\":\"\",\"caption\":\"Coop Gym Sant\u00e9 Sutton\"},\"image\":{\"@id\":\"https:\\\/\\\/coopgymsantesutton.com\\\/en\\\/#\\\/schema\\\/logo\\\/image\\\/\"},\"sameAs\":[\"https:\\\/\\\/www.facebook.com\\\/coopgymsantesutton\\\/\",\"https:\\\/\\\/www.instagram.com\\\/coopgymsantesutton\\\/\",\"https:\\\/\\\/www.youtube.com\\\/channel\\\/UCJUx6BeenYy3V_0Fg7cYY2g\"]}]}<\/script>\n<!-- \/ Yoast SEO plugin. -->","yoast_head_json":{"title":"Make a donation - Coop Gym Sant\u00e9 Sutton","robots":{"index":"index","follow":"follow","max-snippet":"max-snippet:-1","max-image-preview":"max-image-preview:large","max-video-preview":"max-video-preview:-1"},"canonical":"https:\/\/coopgymsantesutton.com\/en\/make-a-donation\/","og_locale":"en_US","og_type":"article","og_title":"Make a donation - Coop Gym Sant\u00e9 Sutton","og_description":"Donation to Coop gym sant\u00e9 Sutton Making a donation to Coop gym sant\u00e9 Sutton allows you to support the organization in achieving its mission. An agreement between Coop gym sant\u00e9 Sutton and the Townshippers Foundation allows for a tax receipt to be issued. On the donation page, choose Coop gym sant\u00e9 Sutton from the drop-down&hellip;","og_url":"https:\/\/coopgymsantesutton.com\/en\/make-a-donation\/","og_site_name":"Coop Gym Sant\u00e9 Sutton","article_publisher":"https:\/\/www.facebook.com\/coopgymsantesutton\/","article_modified_time":"2026-03-18T13:59:13+00:00","twitter_card":"summary_large_image","twitter_misc":{"Est. reading time":"1 minute"},"schema":{"@context":"https:\/\/schema.org","@graph":[{"@type":"WebPage","@id":"https:\/\/coopgymsantesutton.com\/en\/make-a-donation\/","url":"https:\/\/coopgymsantesutton.com\/en\/make-a-donation\/","name":"Make a donation - Coop Gym Sant\u00e9 Sutton","isPartOf":{"@id":"https:\/\/coopgymsantesutton.com\/en\/#website"},"datePublished":"2022-04-07T20:55:22+00:00","dateModified":"2026-03-18T13:59:13+00:00","breadcrumb":{"@id":"https:\/\/coopgymsantesutton.com\/en\/make-a-donation\/#breadcrumb"},"inLanguage":"en-US","potentialAction":[{"@type":"ReadAction","target":["https:\/\/coopgymsantesutton.com\/en\/make-a-donation\/"]}]},{"@type":"BreadcrumbList","@id":"https:\/\/coopgymsantesutton.com\/en\/make-a-donation\/#breadcrumb","itemListElement":[{"@type":"ListItem","position":1,"name":"Accueil","item":"https:\/\/coopgymsantesutton.com\/en\/home\/"},{"@type":"ListItem","position":2,"name":"Make a donation"}]},{"@type":"WebSite","@id":"https:\/\/coopgymsantesutton.com\/en\/#website","url":"https:\/\/coopgymsantesutton.com\/en\/","name":"Coop Gym Sant\u00e9 Sutton","description":"Votre centre d&#039;entrainement \u00e0 Sutton","publisher":{"@id":"https:\/\/coopgymsantesutton.com\/en\/#organization"},"potentialAction":[{"@type":"SearchAction","target":{"@type":"EntryPoint","urlTemplate":"https:\/\/coopgymsantesutton.com\/en\/?s={search_term_string}"},"query-input":{"@type":"PropertyValueSpecification","valueRequired":true,"valueName":"search_term_string"}}],"inLanguage":"en-US"},{"@type":"Organization","@id":"https:\/\/coopgymsantesutton.com\/en\/#organization","name":"Coop Gym Sant\u00e9 Sutton","url":"https:\/\/coopgymsantesutton.com\/en\/","logo":{"@type":"ImageObject","inLanguage":"en-US","@id":"https:\/\/coopgymsantesutton.com\/en\/#\/schema\/logo\/image\/","url":"","contentUrl":"","caption":"Coop Gym Sant\u00e9 Sutton"},"image":{"@id":"https:\/\/coopgymsantesutton.com\/en\/#\/schema\/logo\/image\/"},"sameAs":["https:\/\/www.facebook.com\/coopgymsantesutton\/","https:\/\/www.instagram.com\/coopgymsantesutton\/","https:\/\/www.youtube.com\/channel\/UCJUx6BeenYy3V_0Fg7cYY2g"]}]}},"_links":{"self":[{"href":"https:\/\/coopgymsantesutton.com\/en\/wp-json\/wp\/v2\/pages\/2129","targetHints":{"allow":["GET"]}}],"collection":[{"href":"https:\/\/coopgymsantesutton.com\/en\/wp-json\/wp\/v2\/pages"}],"about":[{"href":"https:\/\/coopgymsantesutton.com\/en\/wp-json\/wp\/v2\/types\/page"}],"author":[{"embeddable":true,"href":"https:\/\/coopgymsantesutton.com\/en\/wp-json\/wp\/v2\/users\/2"}],"replies":[{"embeddable":true,"href":"https:\/\/coopgymsantesutton.com\/en\/wp-json\/wp\/v2\/comments?post=2129"}],"version-history":[{"count":5,"href":"https:\/\/coopgymsantesutton.com\/en\/wp-json\/wp\/v2\/pages\/2129\/revisions"}],"predecessor-version":[{"id":2759,"href":"https:\/\/coopgymsantesutton.com\/en\/wp-json\/wp\/v2\/pages\/2129\/revisions\/2759"}],"wp:attachment":[{"href":"https:\/\/coopgymsantesutton.com\/en\/wp-json\/wp\/v2\/media?parent=2129"}],"curies":[{"name":"wp","href":"https:\/\/api.w.org\/{rel}","templated":true}]}}