{"id":1202,"date":"2021-06-01T13:41:23","date_gmt":"2021-06-01T17:41:23","guid":{"rendered":"https:\/\/coopgymsantesutton.com\/?page_id=1202"},"modified":"2025-06-30T09:53:31","modified_gmt":"2025-06-30T13:53:31","slug":"news","status":"publish","type":"page","link":"https:\/\/coopgymsantesutton.com\/en\/news\/","title":{"rendered":"News"},"content":{"rendered":"\n<h1>\n\t\t\tNews from the<br \/>Coop gym<br \/>sant\u00e9 Sutton\t<\/h1>\n<h3>\n\t\t\tThe coop&#8217;s newsletters\t<\/h3>\n\t<p>Subscribe to the <strong>Coop gym sant\u00e9 Sutton newsletter<\/strong> and get the latest get our latest news in your email box first!<\/p>\n\t\t\t\t\t\t\t&quot;*&quot; indicates required fields\n                        <form method='post' enctype='multipart\/form-data'  id='gform_4'  action='https:\/\/coopgymsantesutton.com\/en\/news\/?fl_builder&#038;fl_builder_ui_iframe' data-formid='4' novalidate><input id=\"input_b1d5f7a0c3a2154bb174a190015425ba\" type=\"hidden\" name=\"input_b1d5f7a0c3a2154bb174a190015425ba\" value=\"\"\/>\n                        <fieldset id=\"field_4_1\"><legend class='gfield_label gform-field-label gfield_label_before_complex'>Nom*<\/legend>\n                                                    <input type='text' name='input_1.3' id='input_4_1_3' value='' tabindex='102'  aria-required='true'   placeholder='First Name'  \/>\n                                                    <label for='input_4_1_3' class='gform-field-label gform-field-label--type-sub '>First<\/label>\n                                                    <input type='text' name='input_1.6' id='input_4_1_6' value='' tabindex='104'  aria-required='true'   placeholder='Name'  \/>\n                                                    <label for='input_4_1_6' class='gform-field-label gform-field-label--type-sub '>Last<\/label>\n                        <\/fieldset><label class='gfield_label gform-field-label' for='input_4_2'>Courriel*<\/label>\n                            <input name='input_2' id='input_4_2' type='email' value='' class='large' tabindex='106'  placeholder='E-mail' aria-required=\"true\" aria-invalid=\"false\"  \/>\n         <input type='submit' id='gform_submit_button_4' class='gform_button button' onclick='gform.submission.handleButtonClick(this);' data-submission-type='submit' value='Subscribe now!' tabindex='107' \/> \n            <input type='hidden' class='gform_hidden' name='gform_submission_method' data-js='gform_submission_method_4' value='postback' \/>\n            <input type='hidden' class='gform_hidden' name='gform_theme' data-js='gform_theme_4' id='gform_theme_4' value='gravity-theme' \/>\n            <input type='hidden' class='gform_hidden' name='gform_style_settings' data-js='gform_style_settings_4' id='gform_style_settings_4' value='[]' \/>\n            <input type='hidden' class='gform_hidden' name='is_submit_4' value='1' \/>\n            <input type='hidden' class='gform_hidden' name='gform_submit' value='4' \/>\n            <input type='hidden' class='gform_hidden' name='gform_unique_id' value='' \/>\n            <input type='hidden' class='gform_hidden' name='state_4' value='WyJbXSIsIjEzN2RmZmJhODM5ZmIyYThmZWM1YjEyZmQ2OTZlZDE0Il0=' \/>\n            <input type='hidden' autocomplete='off' class='gform_hidden' name='gform_target_page_number_4' id='gform_target_page_number_4' value='0' \/>\n            <input type='hidden' autocomplete='off' class='gform_hidden' name='gform_source_page_number_4' id='gform_source_page_number_4' value='1' \/>\n            <input type='hidden' name='gform_field_values' value='' \/>\n                        <\/form>\n<h3>\n\t\t\tThe COOP on Facebook\t<\/h3>\n\t\t<blockquote cite=\"https:\/\/www.facebook.com\/coopgymsantesutton\/\"><a href=\"https:\/\/www.facebook.com\/coopgymsantesutton\/\"><\/a><\/blockquote>\n\n","protected":false},"excerpt":{"rendered":"<p>News from theCoop gymsant\u00e9 Sutton The coop&#8217;s newsletters Subscribe to the Coop gym sant\u00e9 Sutton newsletter and get the latest get our latest news in your email box first! &quot;*&quot; indicates required fields Nom* First Last Courriel* The COOP on Facebook<\/p>\n","protected":false},"author":2,"featured_media":0,"parent":0,"menu_order":90,"comment_status":"closed","ping_status":"closed","template":"","meta":{"footnotes":""},"class_list":["post-1202","page","type-page","status-publish","hentry"],"yoast_head":"<!-- This site is optimized with the Yoast SEO plugin v27.4 - https:\/\/yoast.com\/product\/yoast-seo-wordpress\/ -->\n<title>News - Coop Gym Sant\u00e9 Sutton<\/title>\n<meta name=\"robots\" content=\"index, follow, max-snippet:-1, max-image-preview:large, max-video-preview:-1\" \/>\n<link rel=\"canonical\" href=\"https:\/\/coopgymsantesutton.com\/en\/news\/\" \/>\n<meta property=\"og:locale\" content=\"en_US\" \/>\n<meta property=\"og:type\" content=\"article\" \/>\n<meta property=\"og:title\" content=\"News - Coop Gym Sant\u00e9 Sutton\" \/>\n<meta property=\"og:description\" content=\"News from theCoop gymsant\u00e9 Sutton The coop&#8217;s newsletters Subscribe to the Coop gym sant\u00e9 Sutton newsletter and get the latest get our latest news in your email box first! &quot;*&quot; indicates required fields Nom* First Last Courriel* The COOP on Facebook\" \/>\n<meta property=\"og:url\" content=\"https:\/\/coopgymsantesutton.com\/en\/news\/\" \/>\n<meta property=\"og:site_name\" content=\"Coop Gym Sant\u00e9 Sutton\" \/>\n<meta property=\"article:publisher\" content=\"https:\/\/www.facebook.com\/coopgymsantesutton\/\" \/>\n<meta property=\"article:modified_time\" content=\"2025-06-30T13:53:31+00:00\" \/>\n<meta property=\"og:image\" content=\"https:\/\/coopgymsantesutton.com\/wp-content\/uploads\/2020\/06\/Facebook-Coop-Gym-Sante-Sutton.jpg\" \/>\n<meta name=\"twitter:card\" content=\"summary_large_image\" \/>\n<script type=\"application\/ld+json\" class=\"yoast-schema-graph\">{\"@context\":\"https:\\\/\\\/schema.org\",\"@graph\":[{\"@type\":\"WebPage\",\"@id\":\"https:\\\/\\\/coopgymsantesutton.com\\\/en\\\/news\\\/\",\"url\":\"https:\\\/\\\/coopgymsantesutton.com\\\/en\\\/news\\\/\",\"name\":\"News - Coop Gym Sant\u00e9 Sutton\",\"isPartOf\":{\"@id\":\"https:\\\/\\\/coopgymsantesutton.com\\\/en\\\/#website\"},\"datePublished\":\"2021-06-01T17:41:23+00:00\",\"dateModified\":\"2025-06-30T13:53:31+00:00\",\"breadcrumb\":{\"@id\":\"https:\\\/\\\/coopgymsantesutton.com\\\/en\\\/news\\\/#breadcrumb\"},\"inLanguage\":\"en-US\",\"potentialAction\":[{\"@type\":\"ReadAction\",\"target\":[\"https:\\\/\\\/coopgymsantesutton.com\\\/en\\\/news\\\/\"]}]},{\"@type\":\"BreadcrumbList\",\"@id\":\"https:\\\/\\\/coopgymsantesutton.com\\\/en\\\/news\\\/#breadcrumb\",\"itemListElement\":[{\"@type\":\"ListItem\",\"position\":1,\"name\":\"Accueil\",\"item\":\"https:\\\/\\\/coopgymsantesutton.com\\\/en\\\/\"},{\"@type\":\"ListItem\",\"position\":2,\"name\":\"News\"}]},{\"@type\":\"WebSite\",\"@id\":\"https:\\\/\\\/coopgymsantesutton.com\\\/en\\\/#website\",\"url\":\"https:\\\/\\\/coopgymsantesutton.com\\\/en\\\/\",\"name\":\"Coop Gym Sant\u00e9 Sutton\",\"description\":\"Votre centre d&#039;entrainement \u00e0 Sutton\",\"publisher\":{\"@id\":\"https:\\\/\\\/coopgymsantesutton.com\\\/en\\\/#organization\"},\"potentialAction\":[{\"@type\":\"SearchAction\",\"target\":{\"@type\":\"EntryPoint\",\"urlTemplate\":\"https:\\\/\\\/coopgymsantesutton.com\\\/en\\\/?s={search_term_string}\"},\"query-input\":{\"@type\":\"PropertyValueSpecification\",\"valueRequired\":true,\"valueName\":\"search_term_string\"}}],\"inLanguage\":\"en-US\"},{\"@type\":\"Organization\",\"@id\":\"https:\\\/\\\/coopgymsantesutton.com\\\/en\\\/#organization\",\"name\":\"Coop Gym Sant\u00e9 Sutton\",\"url\":\"https:\\\/\\\/coopgymsantesutton.com\\\/en\\\/\",\"logo\":{\"@type\":\"ImageObject\",\"inLanguage\":\"en-US\",\"@id\":\"https:\\\/\\\/coopgymsantesutton.com\\\/en\\\/#\\\/schema\\\/logo\\\/image\\\/\",\"url\":\"\",\"contentUrl\":\"\",\"caption\":\"Coop Gym Sant\u00e9 Sutton\"},\"image\":{\"@id\":\"https:\\\/\\\/coopgymsantesutton.com\\\/en\\\/#\\\/schema\\\/logo\\\/image\\\/\"},\"sameAs\":[\"https:\\\/\\\/www.facebook.com\\\/coopgymsantesutton\\\/\",\"https:\\\/\\\/www.instagram.com\\\/coopgymsantesutton\\\/\",\"https:\\\/\\\/www.youtube.com\\\/channel\\\/UCJUx6BeenYy3V_0Fg7cYY2g\"]}]}<\/script>\n<!-- \/ Yoast SEO plugin. -->","yoast_head_json":{"title":"News - Coop Gym Sant\u00e9 Sutton","robots":{"index":"index","follow":"follow","max-snippet":"max-snippet:-1","max-image-preview":"max-image-preview:large","max-video-preview":"max-video-preview:-1"},"canonical":"https:\/\/coopgymsantesutton.com\/en\/news\/","og_locale":"en_US","og_type":"article","og_title":"News - Coop Gym Sant\u00e9 Sutton","og_description":"News from theCoop gymsant\u00e9 Sutton The coop&#8217;s newsletters Subscribe to the Coop gym sant\u00e9 Sutton newsletter and get the latest get our latest news in your email box first! &quot;*&quot; indicates required fields Nom* First Last Courriel* The COOP on Facebook","og_url":"https:\/\/coopgymsantesutton.com\/en\/news\/","og_site_name":"Coop Gym Sant\u00e9 Sutton","article_publisher":"https:\/\/www.facebook.com\/coopgymsantesutton\/","article_modified_time":"2025-06-30T13:53:31+00:00","og_image":[{"url":"https:\/\/coopgymsantesutton.com\/wp-content\/uploads\/2020\/06\/Facebook-Coop-Gym-Sante-Sutton.jpg","type":"","width":"","height":""}],"twitter_card":"summary_large_image","schema":{"@context":"https:\/\/schema.org","@graph":[{"@type":"WebPage","@id":"https:\/\/coopgymsantesutton.com\/en\/news\/","url":"https:\/\/coopgymsantesutton.com\/en\/news\/","name":"News - Coop Gym Sant\u00e9 Sutton","isPartOf":{"@id":"https:\/\/coopgymsantesutton.com\/en\/#website"},"datePublished":"2021-06-01T17:41:23+00:00","dateModified":"2025-06-30T13:53:31+00:00","breadcrumb":{"@id":"https:\/\/coopgymsantesutton.com\/en\/news\/#breadcrumb"},"inLanguage":"en-US","potentialAction":[{"@type":"ReadAction","target":["https:\/\/coopgymsantesutton.com\/en\/news\/"]}]},{"@type":"BreadcrumbList","@id":"https:\/\/coopgymsantesutton.com\/en\/news\/#breadcrumb","itemListElement":[{"@type":"ListItem","position":1,"name":"Accueil","item":"https:\/\/coopgymsantesutton.com\/en\/"},{"@type":"ListItem","position":2,"name":"News"}]},{"@type":"WebSite","@id":"https:\/\/coopgymsantesutton.com\/en\/#website","url":"https:\/\/coopgymsantesutton.com\/en\/","name":"Coop Gym Sant\u00e9 Sutton","description":"Votre centre d&#039;entrainement \u00e0 Sutton","publisher":{"@id":"https:\/\/coopgymsantesutton.com\/en\/#organization"},"potentialAction":[{"@type":"SearchAction","target":{"@type":"EntryPoint","urlTemplate":"https:\/\/coopgymsantesutton.com\/en\/?s={search_term_string}"},"query-input":{"@type":"PropertyValueSpecification","valueRequired":true,"valueName":"search_term_string"}}],"inLanguage":"en-US"},{"@type":"Organization","@id":"https:\/\/coopgymsantesutton.com\/en\/#organization","name":"Coop Gym Sant\u00e9 Sutton","url":"https:\/\/coopgymsantesutton.com\/en\/","logo":{"@type":"ImageObject","inLanguage":"en-US","@id":"https:\/\/coopgymsantesutton.com\/en\/#\/schema\/logo\/image\/","url":"","contentUrl":"","caption":"Coop Gym Sant\u00e9 Sutton"},"image":{"@id":"https:\/\/coopgymsantesutton.com\/en\/#\/schema\/logo\/image\/"},"sameAs":["https:\/\/www.facebook.com\/coopgymsantesutton\/","https:\/\/www.instagram.com\/coopgymsantesutton\/","https:\/\/www.youtube.com\/channel\/UCJUx6BeenYy3V_0Fg7cYY2g"]}]}},"_links":{"self":[{"href":"https:\/\/coopgymsantesutton.com\/en\/wp-json\/wp\/v2\/pages\/1202","targetHints":{"allow":["GET"]}}],"collection":[{"href":"https:\/\/coopgymsantesutton.com\/en\/wp-json\/wp\/v2\/pages"}],"about":[{"href":"https:\/\/coopgymsantesutton.com\/en\/wp-json\/wp\/v2\/types\/page"}],"author":[{"embeddable":true,"href":"https:\/\/coopgymsantesutton.com\/en\/wp-json\/wp\/v2\/users\/2"}],"replies":[{"embeddable":true,"href":"https:\/\/coopgymsantesutton.com\/en\/wp-json\/wp\/v2\/comments?post=1202"}],"version-history":[{"count":8,"href":"https:\/\/coopgymsantesutton.com\/en\/wp-json\/wp\/v2\/pages\/1202\/revisions"}],"predecessor-version":[{"id":4708,"href":"https:\/\/coopgymsantesutton.com\/en\/wp-json\/wp\/v2\/pages\/1202\/revisions\/4708"}],"wp:attachment":[{"href":"https:\/\/coopgymsantesutton.com\/en\/wp-json\/wp\/v2\/media?parent=1202"}],"curies":[{"name":"wp","href":"https:\/\/api.w.org\/{rel}","templated":true}]}}