{"id":1186,"date":"2021-06-01T13:23:32","date_gmt":"2021-06-01T17:23:32","guid":{"rendered":"https:\/\/coopgymsantesutton.com\/?page_id=1186"},"modified":"2025-12-02T15:44:24","modified_gmt":"2025-12-02T20:44:24","slug":"sutton-challenge","status":"publish","type":"page","link":"https:\/\/coopgymsantesutton.com\/en\/events\/sutton-challenge\/","title":{"rendered":"D\u00e9fi Sutton Challenge"},"content":{"rendered":"\n<h1>\n\t\t\tD\u00e9fi Sutton Challenge 2025\t<\/h1>\n<h2>\n\t\t\t7<sup>e<\/sup> \u00e9dition\t<\/h2>\n\t<h3>Un beau succ\u00e8s par une magnifique journ\u00e9e ensoleill\u00e9e!<\/h3>\n<p>F\u00e9licitations \u00e0 tous ces jeunes participants. Certains parmi eux ont couru les 4 distances!\u00a0 BRAVO ! Et que dire des &#8220;tout-petits&#8221; qui ont couru main dans la main avec papa ou maman&#8230; c&#8217;est la rel\u00e8ve!<\/p>\n<strong>Un GROS merci aux b\u00e9n\u00e9voles!\u00a0 C&#8217;est un rendez-vous l&#8217;an prochain!\u00a0 <\/strong>\n<strong>Gardez la forme!<\/strong>\n\t\t\t\t<img decoding=\"async\" src=\"https:\/\/coopgymsantesutton.com\/wp-content\/uploads\/2025\/08\/2025-08-SuttonChallengeAffiche_1_page-0001-scaled.jpg\" alt=\"2025-08-SuttonChallengeAffiche_1_page-0001\" itemprop=\"image\" height=\"2560\" width=\"1707\" title=\"2025-08-SuttonChallengeAffiche_1_page-0001\" onerror=\"this.style.display='none'\" loading=\"lazy\" \/>\n\t\t\t\t<a href=\"https:\/\/coopgymsantesutton.com\/wp-content\/uploads\/2025\/09\/Defi2025-GymSutton-IMG_5065.jpg\"  target=\"_self\" itemprop=\"url\">\n\t\t\t\t<img decoding=\"async\" src=\"https:\/\/coopgymsantesutton.com\/wp-content\/uploads\/2025\/09\/Defi2025-GymSutton-IMG_5065.jpg\" alt=\"Defi2025-GymSutton-IMG_5065\" itemprop=\"image\" height=\"480\" width=\"640\" title=\"Defi2025-GymSutton-IMG_5065\" onerror=\"this.style.display='none'\" loading=\"lazy\" \/>\n\t\t\t\t<\/a>\n\t\t\t\t<a href=\"https:\/\/coopgymsantesutton.com\/wp-content\/uploads\/2025\/09\/Defi2025-GymSutton-IMG_5070.jpg\"  target=\"_self\" itemprop=\"url\">\n\t\t\t\t<img decoding=\"async\" src=\"https:\/\/coopgymsantesutton.com\/wp-content\/uploads\/2025\/09\/Defi2025-GymSutton-IMG_5070.jpg\" alt=\"Defi2025-GymSutton-IMG_5070\" itemprop=\"image\" height=\"480\" width=\"640\" title=\"Defi2025-GymSutton-IMG_5070\" onerror=\"this.style.display='none'\" loading=\"lazy\" \/>\n\t\t\t\t<\/a>\n\t\t\t\t<a href=\"https:\/\/coopgymsantesutton.com\/wp-content\/uploads\/2025\/09\/Defi2025-GymSutton-IMG_5072.jpg\"  target=\"_self\" itemprop=\"url\">\n\t\t\t\t<img decoding=\"async\" src=\"https:\/\/coopgymsantesutton.com\/wp-content\/uploads\/2025\/09\/Defi2025-GymSutton-IMG_5072.jpg\" alt=\"Defi2025-GymSutton-IMG_5072\" itemprop=\"image\" height=\"480\" width=\"640\" title=\"Defi2025-GymSutton-IMG_5072\" onerror=\"this.style.display='none'\" loading=\"lazy\" \/>\n\t\t\t\t<\/a>\n\n","protected":false},"excerpt":{"rendered":"<p>D\u00e9fi Sutton Challenge 2025 7e \u00e9dition Un beau succ\u00e8s par une magnifique journ\u00e9e ensoleill\u00e9e! F\u00e9licitations \u00e0 tous ces jeunes participants. Certains parmi eux ont couru les 4 distances!\u00a0 BRAVO ! Et que dire des &#8220;tout-petits&#8221; qui ont couru main dans la main avec papa ou maman&#8230; c&#8217;est la rel\u00e8ve! Un GROS merci aux b\u00e9n\u00e9voles!\u00a0 C&#8217;est&hellip;<\/p>\n","protected":false},"author":2,"featured_media":0,"parent":1180,"menu_order":0,"comment_status":"closed","ping_status":"closed","template":"","meta":{"footnotes":""},"class_list":["post-1186","page","type-page","status-publish","hentry"],"yoast_head":"<!-- This site is optimized with the Yoast SEO plugin v27.4 - https:\/\/yoast.com\/product\/yoast-seo-wordpress\/ -->\n<title>D\u00e9fi Sutton Challenge - Coop Gym Sant\u00e9 Sutton<\/title>\n<meta name=\"robots\" content=\"index, follow, max-snippet:-1, max-image-preview:large, max-video-preview:-1\" \/>\n<link rel=\"canonical\" href=\"https:\/\/coopgymsantesutton.com\/en\/events\/sutton-challenge\/\" \/>\n<meta property=\"og:locale\" content=\"en_US\" \/>\n<meta property=\"og:type\" content=\"article\" \/>\n<meta property=\"og:title\" content=\"D\u00e9fi Sutton Challenge - Coop Gym Sant\u00e9 Sutton\" \/>\n<meta property=\"og:description\" content=\"D\u00e9fi Sutton Challenge 2025 7e \u00e9dition Un beau succ\u00e8s par une magnifique journ\u00e9e ensoleill\u00e9e! F\u00e9licitations \u00e0 tous ces jeunes participants. Certains parmi eux ont couru les 4 distances!\u00a0 BRAVO ! Et que dire des &#8220;tout-petits&#8221; qui ont couru main dans la main avec papa ou maman&#8230; c&#8217;est la rel\u00e8ve! Un GROS merci aux b\u00e9n\u00e9voles!\u00a0 C&#8217;est&hellip;\" \/>\n<meta property=\"og:url\" content=\"https:\/\/coopgymsantesutton.com\/en\/events\/sutton-challenge\/\" \/>\n<meta property=\"og:site_name\" content=\"Coop Gym Sant\u00e9 Sutton\" \/>\n<meta property=\"article:publisher\" content=\"https:\/\/www.facebook.com\/coopgymsantesutton\/\" \/>\n<meta property=\"article:modified_time\" content=\"2025-12-02T20:44:24+00:00\" \/>\n<meta property=\"og:image\" content=\"https:\/\/coopgymsantesutton.com\/wp-content\/uploads\/2025\/08\/2025-08-SuttonChallengeAffiche_1_page-0001-scaled.jpg\" \/>\n<meta name=\"twitter:card\" content=\"summary_large_image\" \/>\n<meta name=\"twitter:label1\" content=\"Est. reading time\" \/>\n\t<meta name=\"twitter:data1\" content=\"4 minutes\" \/>\n<script type=\"application\/ld+json\" class=\"yoast-schema-graph\">{\"@context\":\"https:\\\/\\\/schema.org\",\"@graph\":[{\"@type\":\"WebPage\",\"@id\":\"https:\\\/\\\/coopgymsantesutton.com\\\/en\\\/events\\\/sutton-challenge\\\/\",\"url\":\"https:\\\/\\\/coopgymsantesutton.com\\\/en\\\/events\\\/sutton-challenge\\\/\",\"name\":\"D\u00e9fi Sutton Challenge - Coop Gym Sant\u00e9 Sutton\",\"isPartOf\":{\"@id\":\"https:\\\/\\\/coopgymsantesutton.com\\\/en\\\/#website\"},\"primaryImageOfPage\":{\"@id\":\"https:\\\/\\\/coopgymsantesutton.com\\\/en\\\/events\\\/sutton-challenge\\\/#primaryimage\"},\"image\":{\"@id\":\"https:\\\/\\\/coopgymsantesutton.com\\\/en\\\/events\\\/sutton-challenge\\\/#primaryimage\"},\"thumbnailUrl\":\"https:\\\/\\\/coopgymsantesutton.com\\\/wp-content\\\/uploads\\\/2025\\\/08\\\/2025-08-SuttonChallengeAffiche_1_page-0001-scaled.jpg\",\"datePublished\":\"2021-06-01T17:23:32+00:00\",\"dateModified\":\"2025-12-02T20:44:24+00:00\",\"breadcrumb\":{\"@id\":\"https:\\\/\\\/coopgymsantesutton.com\\\/en\\\/events\\\/sutton-challenge\\\/#breadcrumb\"},\"inLanguage\":\"en-US\",\"potentialAction\":[{\"@type\":\"ReadAction\",\"target\":[\"https:\\\/\\\/coopgymsantesutton.com\\\/en\\\/events\\\/sutton-challenge\\\/\"]}]},{\"@type\":\"ImageObject\",\"inLanguage\":\"en-US\",\"@id\":\"https:\\\/\\\/coopgymsantesutton.com\\\/en\\\/events\\\/sutton-challenge\\\/#primaryimage\",\"url\":\"https:\\\/\\\/coopgymsantesutton.com\\\/wp-content\\\/uploads\\\/2025\\\/08\\\/2025-08-SuttonChallengeAffiche_1_page-0001-scaled.jpg\",\"contentUrl\":\"https:\\\/\\\/coopgymsantesutton.com\\\/wp-content\\\/uploads\\\/2025\\\/08\\\/2025-08-SuttonChallengeAffiche_1_page-0001-scaled.jpg\"},{\"@type\":\"BreadcrumbList\",\"@id\":\"https:\\\/\\\/coopgymsantesutton.com\\\/en\\\/events\\\/sutton-challenge\\\/#breadcrumb\",\"itemListElement\":[{\"@type\":\"ListItem\",\"position\":1,\"name\":\"Accueil\",\"item\":\"https:\\\/\\\/coopgymsantesutton.com\\\/en\\\/\"},{\"@type\":\"ListItem\",\"position\":2,\"name\":\"Events\",\"item\":\"https:\\\/\\\/coopgymsantesutton.com\\\/en\\\/events\\\/\"},{\"@type\":\"ListItem\",\"position\":3,\"name\":\"D\u00e9fi Sutton Challenge\"}]},{\"@type\":\"WebSite\",\"@id\":\"https:\\\/\\\/coopgymsantesutton.com\\\/en\\\/#website\",\"url\":\"https:\\\/\\\/coopgymsantesutton.com\\\/en\\\/\",\"name\":\"Coop Gym Sant\u00e9 Sutton\",\"description\":\"Votre centre d&#039;entrainement \u00e0 Sutton\",\"publisher\":{\"@id\":\"https:\\\/\\\/coopgymsantesutton.com\\\/en\\\/#organization\"},\"potentialAction\":[{\"@type\":\"SearchAction\",\"target\":{\"@type\":\"EntryPoint\",\"urlTemplate\":\"https:\\\/\\\/coopgymsantesutton.com\\\/en\\\/?s={search_term_string}\"},\"query-input\":{\"@type\":\"PropertyValueSpecification\",\"valueRequired\":true,\"valueName\":\"search_term_string\"}}],\"inLanguage\":\"en-US\"},{\"@type\":\"Organization\",\"@id\":\"https:\\\/\\\/coopgymsantesutton.com\\\/en\\\/#organization\",\"name\":\"Coop Gym Sant\u00e9 Sutton\",\"url\":\"https:\\\/\\\/coopgymsantesutton.com\\\/en\\\/\",\"logo\":{\"@type\":\"ImageObject\",\"inLanguage\":\"en-US\",\"@id\":\"https:\\\/\\\/coopgymsantesutton.com\\\/en\\\/#\\\/schema\\\/logo\\\/image\\\/\",\"url\":\"\",\"contentUrl\":\"\",\"caption\":\"Coop Gym Sant\u00e9 Sutton\"},\"image\":{\"@id\":\"https:\\\/\\\/coopgymsantesutton.com\\\/en\\\/#\\\/schema\\\/logo\\\/image\\\/\"},\"sameAs\":[\"https:\\\/\\\/www.facebook.com\\\/coopgymsantesutton\\\/\",\"https:\\\/\\\/www.instagram.com\\\/coopgymsantesutton\\\/\",\"https:\\\/\\\/www.youtube.com\\\/channel\\\/UCJUx6BeenYy3V_0Fg7cYY2g\"]}]}<\/script>\n<!-- \/ Yoast SEO plugin. -->","yoast_head_json":{"title":"D\u00e9fi Sutton Challenge - Coop Gym Sant\u00e9 Sutton","robots":{"index":"index","follow":"follow","max-snippet":"max-snippet:-1","max-image-preview":"max-image-preview:large","max-video-preview":"max-video-preview:-1"},"canonical":"https:\/\/coopgymsantesutton.com\/en\/events\/sutton-challenge\/","og_locale":"en_US","og_type":"article","og_title":"D\u00e9fi Sutton Challenge - Coop Gym Sant\u00e9 Sutton","og_description":"D\u00e9fi Sutton Challenge 2025 7e \u00e9dition Un beau succ\u00e8s par une magnifique journ\u00e9e ensoleill\u00e9e! F\u00e9licitations \u00e0 tous ces jeunes participants. Certains parmi eux ont couru les 4 distances!\u00a0 BRAVO ! Et que dire des &#8220;tout-petits&#8221; qui ont couru main dans la main avec papa ou maman&#8230; c&#8217;est la rel\u00e8ve! Un GROS merci aux b\u00e9n\u00e9voles!\u00a0 C&#8217;est&hellip;","og_url":"https:\/\/coopgymsantesutton.com\/en\/events\/sutton-challenge\/","og_site_name":"Coop Gym Sant\u00e9 Sutton","article_publisher":"https:\/\/www.facebook.com\/coopgymsantesutton\/","article_modified_time":"2025-12-02T20:44:24+00:00","og_image":[{"url":"https:\/\/coopgymsantesutton.com\/wp-content\/uploads\/2025\/08\/2025-08-SuttonChallengeAffiche_1_page-0001-scaled.jpg","type":"","width":"","height":""}],"twitter_card":"summary_large_image","twitter_misc":{"Est. reading time":"4 minutes"},"schema":{"@context":"https:\/\/schema.org","@graph":[{"@type":"WebPage","@id":"https:\/\/coopgymsantesutton.com\/en\/events\/sutton-challenge\/","url":"https:\/\/coopgymsantesutton.com\/en\/events\/sutton-challenge\/","name":"D\u00e9fi Sutton Challenge - Coop Gym Sant\u00e9 Sutton","isPartOf":{"@id":"https:\/\/coopgymsantesutton.com\/en\/#website"},"primaryImageOfPage":{"@id":"https:\/\/coopgymsantesutton.com\/en\/events\/sutton-challenge\/#primaryimage"},"image":{"@id":"https:\/\/coopgymsantesutton.com\/en\/events\/sutton-challenge\/#primaryimage"},"thumbnailUrl":"https:\/\/coopgymsantesutton.com\/wp-content\/uploads\/2025\/08\/2025-08-SuttonChallengeAffiche_1_page-0001-scaled.jpg","datePublished":"2021-06-01T17:23:32+00:00","dateModified":"2025-12-02T20:44:24+00:00","breadcrumb":{"@id":"https:\/\/coopgymsantesutton.com\/en\/events\/sutton-challenge\/#breadcrumb"},"inLanguage":"en-US","potentialAction":[{"@type":"ReadAction","target":["https:\/\/coopgymsantesutton.com\/en\/events\/sutton-challenge\/"]}]},{"@type":"ImageObject","inLanguage":"en-US","@id":"https:\/\/coopgymsantesutton.com\/en\/events\/sutton-challenge\/#primaryimage","url":"https:\/\/coopgymsantesutton.com\/wp-content\/uploads\/2025\/08\/2025-08-SuttonChallengeAffiche_1_page-0001-scaled.jpg","contentUrl":"https:\/\/coopgymsantesutton.com\/wp-content\/uploads\/2025\/08\/2025-08-SuttonChallengeAffiche_1_page-0001-scaled.jpg"},{"@type":"BreadcrumbList","@id":"https:\/\/coopgymsantesutton.com\/en\/events\/sutton-challenge\/#breadcrumb","itemListElement":[{"@type":"ListItem","position":1,"name":"Accueil","item":"https:\/\/coopgymsantesutton.com\/en\/"},{"@type":"ListItem","position":2,"name":"Events","item":"https:\/\/coopgymsantesutton.com\/en\/events\/"},{"@type":"ListItem","position":3,"name":"D\u00e9fi Sutton Challenge"}]},{"@type":"WebSite","@id":"https:\/\/coopgymsantesutton.com\/en\/#website","url":"https:\/\/coopgymsantesutton.com\/en\/","name":"Coop Gym Sant\u00e9 Sutton","description":"Votre centre d&#039;entrainement \u00e0 Sutton","publisher":{"@id":"https:\/\/coopgymsantesutton.com\/en\/#organization"},"potentialAction":[{"@type":"SearchAction","target":{"@type":"EntryPoint","urlTemplate":"https:\/\/coopgymsantesutton.com\/en\/?s={search_term_string}"},"query-input":{"@type":"PropertyValueSpecification","valueRequired":true,"valueName":"search_term_string"}}],"inLanguage":"en-US"},{"@type":"Organization","@id":"https:\/\/coopgymsantesutton.com\/en\/#organization","name":"Coop Gym Sant\u00e9 Sutton","url":"https:\/\/coopgymsantesutton.com\/en\/","logo":{"@type":"ImageObject","inLanguage":"en-US","@id":"https:\/\/coopgymsantesutton.com\/en\/#\/schema\/logo\/image\/","url":"","contentUrl":"","caption":"Coop Gym Sant\u00e9 Sutton"},"image":{"@id":"https:\/\/coopgymsantesutton.com\/en\/#\/schema\/logo\/image\/"},"sameAs":["https:\/\/www.facebook.com\/coopgymsantesutton\/","https:\/\/www.instagram.com\/coopgymsantesutton\/","https:\/\/www.youtube.com\/channel\/UCJUx6BeenYy3V_0Fg7cYY2g"]}]}},"_links":{"self":[{"href":"https:\/\/coopgymsantesutton.com\/en\/wp-json\/wp\/v2\/pages\/1186","targetHints":{"allow":["GET"]}}],"collection":[{"href":"https:\/\/coopgymsantesutton.com\/en\/wp-json\/wp\/v2\/pages"}],"about":[{"href":"https:\/\/coopgymsantesutton.com\/en\/wp-json\/wp\/v2\/types\/page"}],"author":[{"embeddable":true,"href":"https:\/\/coopgymsantesutton.com\/en\/wp-json\/wp\/v2\/users\/2"}],"replies":[{"embeddable":true,"href":"https:\/\/coopgymsantesutton.com\/en\/wp-json\/wp\/v2\/comments?post=1186"}],"version-history":[{"count":11,"href":"https:\/\/coopgymsantesutton.com\/en\/wp-json\/wp\/v2\/pages\/1186\/revisions"}],"predecessor-version":[{"id":5258,"href":"https:\/\/coopgymsantesutton.com\/en\/wp-json\/wp\/v2\/pages\/1186\/revisions\/5258"}],"up":[{"embeddable":true,"href":"https:\/\/coopgymsantesutton.com\/en\/wp-json\/wp\/v2\/pages\/1180"}],"wp:attachment":[{"href":"https:\/\/coopgymsantesutton.com\/en\/wp-json\/wp\/v2\/media?parent=1186"}],"curies":[{"name":"wp","href":"https:\/\/api.w.org\/{rel}","templated":true}]}}