{"id":1180,"date":"2021-06-01T13:19:13","date_gmt":"2021-06-01T17:19:13","guid":{"rendered":"https:\/\/coopgymsantesutton.com\/?page_id=1180"},"modified":"2026-03-16T15:07:41","modified_gmt":"2026-03-16T19:07:41","slug":"events","status":"publish","type":"page","link":"https:\/\/coopgymsantesutton.com\/en\/events\/","title":{"rendered":"Events"},"content":{"rendered":"\n<h1>\n\t\t\tLes \u00e9v\u00e9nements \t<\/h1>\n<h2>\n\t\t\tde la Coop gym sant\u00e9 Sutton\t<\/h2>\n\t\t\t\t<a href=\"https:\/\/coopgymsantesutton.com\/evenements\/portes-ouvertes\/\"  target=\"_self\" itemprop=\"url\">\n\t\t\t\t<img decoding=\"async\" src=\"https:\/\/coopgymsantesutton.com\/wp-content\/uploads\/2020\/06\/cropped-Image-de-site-coop-gym-sante-sutton.png\" alt=\"https:\/\/coopgymsantesutton.com\/wp-content\/uploads\/2020\/06\/cropped-Image-de-site-coop-gym-sante-sutton.png\" itemprop=\"image\" height=\"512\" width=\"512\" title=\"cropped-Image-de-site-coop-gym-sante-sutton.png\" onerror=\"this.style.display='none'\" loading=\"lazy\" \/>\n\t\t\t\t<\/a>\n\t\t<h3><a href=\"https:\/\/coopgymsantesutton.com\/evenements\/portes-ouvertes\/\" target=\"_self\">Portes Ouvertes<\/a><\/h3><p>Samedi 10 janvier de 13h \u00e0 16h<\/p>\n\t\t\t<a href=\"https:\/\/coopgymsantesutton.com\/evenements\/portes-ouvertes\/\" target=\"_self\">\n\t\t\t\t\t\t\tLire la suite&#8230;\n\t\t\t\t\t<\/a>\n\t\t\t\t<a href=\"https:\/\/coopgymsantesutton.com\/evenements\/defi-sutton-challenge\/\"  target=\"_self\" itemprop=\"url\">\n\t\t\t\t<img decoding=\"async\" src=\"https:\/\/coopgymsantesutton.com\/wp-content\/uploads\/2022\/06\/image00014-scaled-1.jpeg\" alt=\"\" itemprop=\"image\" onerror=\"this.style.display='none'\" loading=\"lazy\" \/>\n\t\t\t\t<\/a>\n\t\t<h3><a href=\"https:\/\/coopgymsantesutton.com\/evenements\/defi-sutton-challenge\/\" target=\"_self\">D\u00e9fi Sutton Challenge 2025<\/a><\/h3><p>Samedi le 20 septembre. D\u00e8s 8h au parc municipal Goyette-Hill.<\/p>\n\t\t\t<a href=\"https:\/\/coopgymsantesutton.com\/evenements\/defi-sutton-challenge\/\" target=\"_self\">\n\t\t\t\t\t\t\tPour plus d&#8217;informations\n\t\t\t\t\t<\/a>\n\t\t\t\t<a href=\"https:\/\/coopgymsantesutton.com\/evenements\/soiree-benefice\/\"  target=\"_self\" itemprop=\"url\">\n\t\t\t\t<img decoding=\"async\" src=\"https:\/\/coopgymsantesutton.com\/wp-content\/uploads\/2025\/02\/Elvis-56-2.jpg\" alt=\"Elvis 56\" itemprop=\"image\" height=\"1120\" width=\"2000\" title=\"Elvis 56\" onerror=\"this.style.display='none'\" loading=\"lazy\" \/>\n\t\t\t\t<\/a>\n\t\t<h3><a href=\"https:\/\/coopgymsantesutton.com\/evenements\/soiree-benefice\/\" target=\"_self\">Spectacle b\u00e9n\u00e9fice Elvis &#8217;56<\/a><\/h3><p>Rejoignez-nous pour une soir\u00e9e inoubliable en l&#8217;honneur de l&#8217;iconique Elvis Presley et de ses ann\u00e9es l\u00e9gendaires de 1956 ! \ud83c\udf1f<\/p>\n<p>Samedi le 5 avril \u00e0 19h30<\/p>\n\t\t\t<a href=\"https:\/\/coopgymsantesutton.com\/evenements\/soiree-benefice\/\" target=\"_self\">\n\t\t\t\t\t\t\tPour plus d&#8217;informations\n\t\t\t\t\t<\/a>\n\n","protected":false},"excerpt":{"rendered":"<p>Les \u00e9v\u00e9nements de la Coop gym sant\u00e9 Sutton Portes Ouvertes Samedi 10 janvier de 13h \u00e0 16h Lire la suite&#8230; D\u00e9fi Sutton Challenge 2025 Samedi le 20 septembre. D\u00e8s 8h au parc municipal Goyette-Hill. Pour plus d&#8217;informations Spectacle b\u00e9n\u00e9fice Elvis &#8217;56 Rejoignez-nous pour une soir\u00e9e inoubliable en l&#8217;honneur de l&#8217;iconique Elvis Presley et de ses&hellip;<\/p>\n","protected":false},"author":2,"featured_media":0,"parent":0,"menu_order":80,"comment_status":"closed","ping_status":"closed","template":"","meta":{"footnotes":""},"class_list":["post-1180","page","type-page","status-publish","hentry"],"yoast_head":"<!-- This site is optimized with the Yoast SEO plugin v27.4 - https:\/\/yoast.com\/product\/yoast-seo-wordpress\/ -->\n<title>Events - Coop Gym Sant\u00e9 Sutton<\/title>\n<meta name=\"description\" content=\"Discover the special activities and events of the Coop gym sant\u00e9 Sutton. Come participate in our activities and help your coop.\" \/>\n<meta name=\"robots\" content=\"index, follow, max-snippet:-1, max-image-preview:large, max-video-preview:-1\" \/>\n<link rel=\"canonical\" href=\"https:\/\/coopgymsantesutton.com\/en\/events\/\" \/>\n<meta property=\"og:locale\" content=\"en_US\" \/>\n<meta property=\"og:type\" content=\"article\" \/>\n<meta property=\"og:title\" content=\"Events - Coop Gym Sant\u00e9 Sutton\" \/>\n<meta property=\"og:description\" content=\"Discover the special activities and events of the Coop gym sant\u00e9 Sutton. Come participate in our activities and help your coop.\" \/>\n<meta property=\"og:url\" content=\"https:\/\/coopgymsantesutton.com\/en\/events\/\" \/>\n<meta property=\"og:site_name\" content=\"Coop Gym Sant\u00e9 Sutton\" \/>\n<meta property=\"article:publisher\" content=\"https:\/\/www.facebook.com\/coopgymsantesutton\/\" \/>\n<meta property=\"article:modified_time\" content=\"2026-03-16T19:07:41+00:00\" \/>\n<meta property=\"og:image\" content=\"https:\/\/coopgymsantesutton.com\/wp-content\/uploads\/2020\/06\/Facebook-Coop-Gym-Sante-Sutton.jpg\" \/>\n<meta name=\"twitter:card\" content=\"summary_large_image\" \/>\n<script type=\"application\/ld+json\" class=\"yoast-schema-graph\">{\"@context\":\"https:\\\/\\\/schema.org\",\"@graph\":[{\"@type\":\"WebPage\",\"@id\":\"https:\\\/\\\/coopgymsantesutton.com\\\/en\\\/events\\\/\",\"url\":\"https:\\\/\\\/coopgymsantesutton.com\\\/en\\\/events\\\/\",\"name\":\"Events - Coop Gym Sant\u00e9 Sutton\",\"isPartOf\":{\"@id\":\"https:\\\/\\\/coopgymsantesutton.com\\\/en\\\/#website\"},\"primaryImageOfPage\":{\"@id\":\"https:\\\/\\\/coopgymsantesutton.com\\\/en\\\/events\\\/#primaryimage\"},\"image\":{\"@id\":\"https:\\\/\\\/coopgymsantesutton.com\\\/en\\\/events\\\/#primaryimage\"},\"thumbnailUrl\":\"https:\\\/\\\/coopgymsantesutton.com\\\/wp-content\\\/uploads\\\/2020\\\/06\\\/cropped-Image-de-site-coop-gym-sante-sutton.png\",\"datePublished\":\"2021-06-01T17:19:13+00:00\",\"dateModified\":\"2026-03-16T19:07:41+00:00\",\"description\":\"Discover the special activities and events of the Coop gym sant\u00e9 Sutton. Come participate in our activities and help your coop.\",\"breadcrumb\":{\"@id\":\"https:\\\/\\\/coopgymsantesutton.com\\\/en\\\/events\\\/#breadcrumb\"},\"inLanguage\":\"en-US\",\"potentialAction\":[{\"@type\":\"ReadAction\",\"target\":[\"https:\\\/\\\/coopgymsantesutton.com\\\/en\\\/events\\\/\"]}]},{\"@type\":\"ImageObject\",\"inLanguage\":\"en-US\",\"@id\":\"https:\\\/\\\/coopgymsantesutton.com\\\/en\\\/events\\\/#primaryimage\",\"url\":\"https:\\\/\\\/coopgymsantesutton.com\\\/wp-content\\\/uploads\\\/2020\\\/06\\\/cropped-Image-de-site-coop-gym-sante-sutton.png\",\"contentUrl\":\"https:\\\/\\\/coopgymsantesutton.com\\\/wp-content\\\/uploads\\\/2020\\\/06\\\/cropped-Image-de-site-coop-gym-sante-sutton.png\"},{\"@type\":\"BreadcrumbList\",\"@id\":\"https:\\\/\\\/coopgymsantesutton.com\\\/en\\\/events\\\/#breadcrumb\",\"itemListElement\":[{\"@type\":\"ListItem\",\"position\":1,\"name\":\"Accueil\",\"item\":\"https:\\\/\\\/coopgymsantesutton.com\\\/en\\\/\"},{\"@type\":\"ListItem\",\"position\":2,\"name\":\"Events\"}]},{\"@type\":\"WebSite\",\"@id\":\"https:\\\/\\\/coopgymsantesutton.com\\\/en\\\/#website\",\"url\":\"https:\\\/\\\/coopgymsantesutton.com\\\/en\\\/\",\"name\":\"Coop Gym Sant\u00e9 Sutton\",\"description\":\"Votre centre d&#039;entrainement \u00e0 Sutton\",\"publisher\":{\"@id\":\"https:\\\/\\\/coopgymsantesutton.com\\\/en\\\/#organization\"},\"potentialAction\":[{\"@type\":\"SearchAction\",\"target\":{\"@type\":\"EntryPoint\",\"urlTemplate\":\"https:\\\/\\\/coopgymsantesutton.com\\\/en\\\/?s={search_term_string}\"},\"query-input\":{\"@type\":\"PropertyValueSpecification\",\"valueRequired\":true,\"valueName\":\"search_term_string\"}}],\"inLanguage\":\"en-US\"},{\"@type\":\"Organization\",\"@id\":\"https:\\\/\\\/coopgymsantesutton.com\\\/en\\\/#organization\",\"name\":\"Coop Gym Sant\u00e9 Sutton\",\"url\":\"https:\\\/\\\/coopgymsantesutton.com\\\/en\\\/\",\"logo\":{\"@type\":\"ImageObject\",\"inLanguage\":\"en-US\",\"@id\":\"https:\\\/\\\/coopgymsantesutton.com\\\/en\\\/#\\\/schema\\\/logo\\\/image\\\/\",\"url\":\"\",\"contentUrl\":\"\",\"caption\":\"Coop Gym Sant\u00e9 Sutton\"},\"image\":{\"@id\":\"https:\\\/\\\/coopgymsantesutton.com\\\/en\\\/#\\\/schema\\\/logo\\\/image\\\/\"},\"sameAs\":[\"https:\\\/\\\/www.facebook.com\\\/coopgymsantesutton\\\/\",\"https:\\\/\\\/www.instagram.com\\\/coopgymsantesutton\\\/\",\"https:\\\/\\\/www.youtube.com\\\/channel\\\/UCJUx6BeenYy3V_0Fg7cYY2g\"]}]}<\/script>\n<!-- \/ Yoast SEO plugin. -->","yoast_head_json":{"title":"Events - Coop Gym Sant\u00e9 Sutton","description":"Discover the special activities and events of the Coop gym sant\u00e9 Sutton. Come participate in our activities and help your coop.","robots":{"index":"index","follow":"follow","max-snippet":"max-snippet:-1","max-image-preview":"max-image-preview:large","max-video-preview":"max-video-preview:-1"},"canonical":"https:\/\/coopgymsantesutton.com\/en\/events\/","og_locale":"en_US","og_type":"article","og_title":"Events - Coop Gym Sant\u00e9 Sutton","og_description":"Discover the special activities and events of the Coop gym sant\u00e9 Sutton. Come participate in our activities and help your coop.","og_url":"https:\/\/coopgymsantesutton.com\/en\/events\/","og_site_name":"Coop Gym Sant\u00e9 Sutton","article_publisher":"https:\/\/www.facebook.com\/coopgymsantesutton\/","article_modified_time":"2026-03-16T19:07:41+00:00","og_image":[{"url":"https:\/\/coopgymsantesutton.com\/wp-content\/uploads\/2020\/06\/Facebook-Coop-Gym-Sante-Sutton.jpg","type":"","width":"","height":""}],"twitter_card":"summary_large_image","schema":{"@context":"https:\/\/schema.org","@graph":[{"@type":"WebPage","@id":"https:\/\/coopgymsantesutton.com\/en\/events\/","url":"https:\/\/coopgymsantesutton.com\/en\/events\/","name":"Events - Coop Gym Sant\u00e9 Sutton","isPartOf":{"@id":"https:\/\/coopgymsantesutton.com\/en\/#website"},"primaryImageOfPage":{"@id":"https:\/\/coopgymsantesutton.com\/en\/events\/#primaryimage"},"image":{"@id":"https:\/\/coopgymsantesutton.com\/en\/events\/#primaryimage"},"thumbnailUrl":"https:\/\/coopgymsantesutton.com\/wp-content\/uploads\/2020\/06\/cropped-Image-de-site-coop-gym-sante-sutton.png","datePublished":"2021-06-01T17:19:13+00:00","dateModified":"2026-03-16T19:07:41+00:00","description":"Discover the special activities and events of the Coop gym sant\u00e9 Sutton. Come participate in our activities and help your coop.","breadcrumb":{"@id":"https:\/\/coopgymsantesutton.com\/en\/events\/#breadcrumb"},"inLanguage":"en-US","potentialAction":[{"@type":"ReadAction","target":["https:\/\/coopgymsantesutton.com\/en\/events\/"]}]},{"@type":"ImageObject","inLanguage":"en-US","@id":"https:\/\/coopgymsantesutton.com\/en\/events\/#primaryimage","url":"https:\/\/coopgymsantesutton.com\/wp-content\/uploads\/2020\/06\/cropped-Image-de-site-coop-gym-sante-sutton.png","contentUrl":"https:\/\/coopgymsantesutton.com\/wp-content\/uploads\/2020\/06\/cropped-Image-de-site-coop-gym-sante-sutton.png"},{"@type":"BreadcrumbList","@id":"https:\/\/coopgymsantesutton.com\/en\/events\/#breadcrumb","itemListElement":[{"@type":"ListItem","position":1,"name":"Accueil","item":"https:\/\/coopgymsantesutton.com\/en\/"},{"@type":"ListItem","position":2,"name":"Events"}]},{"@type":"WebSite","@id":"https:\/\/coopgymsantesutton.com\/en\/#website","url":"https:\/\/coopgymsantesutton.com\/en\/","name":"Coop Gym Sant\u00e9 Sutton","description":"Votre centre d&#039;entrainement \u00e0 Sutton","publisher":{"@id":"https:\/\/coopgymsantesutton.com\/en\/#organization"},"potentialAction":[{"@type":"SearchAction","target":{"@type":"EntryPoint","urlTemplate":"https:\/\/coopgymsantesutton.com\/en\/?s={search_term_string}"},"query-input":{"@type":"PropertyValueSpecification","valueRequired":true,"valueName":"search_term_string"}}],"inLanguage":"en-US"},{"@type":"Organization","@id":"https:\/\/coopgymsantesutton.com\/en\/#organization","name":"Coop Gym Sant\u00e9 Sutton","url":"https:\/\/coopgymsantesutton.com\/en\/","logo":{"@type":"ImageObject","inLanguage":"en-US","@id":"https:\/\/coopgymsantesutton.com\/en\/#\/schema\/logo\/image\/","url":"","contentUrl":"","caption":"Coop Gym Sant\u00e9 Sutton"},"image":{"@id":"https:\/\/coopgymsantesutton.com\/en\/#\/schema\/logo\/image\/"},"sameAs":["https:\/\/www.facebook.com\/coopgymsantesutton\/","https:\/\/www.instagram.com\/coopgymsantesutton\/","https:\/\/www.youtube.com\/channel\/UCJUx6BeenYy3V_0Fg7cYY2g"]}]}},"_links":{"self":[{"href":"https:\/\/coopgymsantesutton.com\/en\/wp-json\/wp\/v2\/pages\/1180","targetHints":{"allow":["GET"]}}],"collection":[{"href":"https:\/\/coopgymsantesutton.com\/en\/wp-json\/wp\/v2\/pages"}],"about":[{"href":"https:\/\/coopgymsantesutton.com\/en\/wp-json\/wp\/v2\/types\/page"}],"author":[{"embeddable":true,"href":"https:\/\/coopgymsantesutton.com\/en\/wp-json\/wp\/v2\/users\/2"}],"replies":[{"embeddable":true,"href":"https:\/\/coopgymsantesutton.com\/en\/wp-json\/wp\/v2\/comments?post=1180"}],"version-history":[{"count":12,"href":"https:\/\/coopgymsantesutton.com\/en\/wp-json\/wp\/v2\/pages\/1180\/revisions"}],"predecessor-version":[{"id":5558,"href":"https:\/\/coopgymsantesutton.com\/en\/wp-json\/wp\/v2\/pages\/1180\/revisions\/5558"}],"wp:attachment":[{"href":"https:\/\/coopgymsantesutton.com\/en\/wp-json\/wp\/v2\/media?parent=1180"}],"curies":[{"name":"wp","href":"https:\/\/api.w.org\/{rel}","templated":true}]}}