{"id":1086,"date":"2021-05-31T14:48:17","date_gmt":"2021-05-31T18:48:17","guid":{"rendered":"https:\/\/coopgymsantesutton.com\/?page_id=1086"},"modified":"2025-12-22T18:46:52","modified_gmt":"2025-12-22T23:46:52","slug":"membership","status":"publish","type":"page","link":"https:\/\/coopgymsantesutton.com\/en\/membership\/","title":{"rendered":"Membership"},"content":{"rendered":"\n<h1>\n\t\t\tDevenez membre<br \/>de la Coop\t<\/h1>\n<h4>\n\t\t\tEn achetant des parts sociales de 10$ chacune pour un total de 150 $ vous obtenez :\t<\/h4>\n\t<p>Trois visites au gym pour entrainement libre et\/ou cours<\/p>\n\t<ul>\n<li>Abonnements entrainement libre<\/li>\n<li>Abonnements acc\u00e8s au cours<\/li>\n<li>Programmes personnalis\u00e9s<\/li>\n<li>Entrainements priv\u00e9s<\/li>\n<\/ul>\n\t<h6>Devenir membre vous donne un droit de vote aux assembl\u00e9es r\u00e9guli\u00e8res et extraordinaires des membres.<\/h6>\n<h2>\n\t\t\tDevenir membre\t<\/h2>\n\t<p>Vous pouvez proc\u00e9der \u00e0 votre adh\u00e9sion via l&#8217;application Fliip en s\u00e9lectionnant l&#8217;abonnement &#8220;Devenir membre&#8221; ou tout simplement en passant nous voir au gym.<\/p>\n\t<p>Une fois l&#8217;adh\u00e9sion achet\u00e9, la personne devient ainsi membre \u00e0 vie.\u00a0 Cette part est non remboursable et non transf\u00e9rable.<\/p>\n<p>Le membre s&#8217;engage \u00e0 respecter les conditions et r\u00e8glements de la coop.<\/p>\n<p>Vous pouvez consulter les termes et conditions en cliquant le bouton ci-dessous.<\/p>\n\t\t\t<a href=\"https:\/\/coopgymsantesutton.com\/wp-content\/uploads\/2025\/12\/Termes-et-conditions-adhesion-coop.pdf\" target=\"_self\">\n\t\t\t\t\t\t\tTermes et conditions \n\t\t\t\t\t<\/a>\n\tCoop gym sant\u00e9 Sutton, la coop\u00e9rative<br \/>\npour vous aider \u00e0 atteindre vos objectifs\n\n","protected":false},"excerpt":{"rendered":"<p>Devenez membrede la Coop En achetant des parts sociales de 10$ chacune pour un total de 150 $ vous obtenez : Trois visites au gym pour entrainement libre et\/ou cours Abonnements entrainement libre Abonnements acc\u00e8s au cours Programmes personnalis\u00e9s Entrainements priv\u00e9s Devenir membre vous donne un droit de vote aux assembl\u00e9es r\u00e9guli\u00e8res et extraordinaires des&hellip;<\/p>\n","protected":false},"author":2,"featured_media":0,"parent":0,"menu_order":30,"comment_status":"closed","ping_status":"closed","template":"","meta":{"footnotes":""},"class_list":["post-1086","page","type-page","status-publish","hentry"],"yoast_head":"<!-- This site is optimized with the Yoast SEO plugin v27.4 - https:\/\/yoast.com\/product\/yoast-seo-wordpress\/ -->\n<title>Membership - Coop Gym Sant\u00e9 Sutton<\/title>\n<meta name=\"description\" content=\"In addition to giving you access to our gym and classes, your membership at Coop Gym Sant\u00e9 Sutton offers you several benefits. Learn more here\" \/>\n<meta name=\"robots\" content=\"index, follow, max-snippet:-1, max-image-preview:large, max-video-preview:-1\" \/>\n<link rel=\"canonical\" href=\"https:\/\/coopgymsantesutton.com\/en\/membership\/\" \/>\n<meta property=\"og:locale\" content=\"en_US\" \/>\n<meta property=\"og:type\" content=\"article\" \/>\n<meta property=\"og:title\" content=\"Membership - Coop Gym Sant\u00e9 Sutton\" \/>\n<meta property=\"og:description\" content=\"In addition to giving you access to our gym and classes, your membership at Coop Gym Sant\u00e9 Sutton offers you several benefits. Learn more here\" \/>\n<meta property=\"og:url\" content=\"https:\/\/coopgymsantesutton.com\/en\/membership\/\" \/>\n<meta property=\"og:site_name\" content=\"Coop Gym Sant\u00e9 Sutton\" \/>\n<meta property=\"article:publisher\" content=\"https:\/\/www.facebook.com\/coopgymsantesutton\/\" \/>\n<meta property=\"article:modified_time\" content=\"2025-12-22T23:46:52+00:00\" \/>\n<meta property=\"og:image\" content=\"https:\/\/coopgymsantesutton.com\/wp-content\/uploads\/2020\/06\/Facebook-Coop-Gym-Sante-Sutton.jpg\" \/>\n<meta name=\"twitter:card\" content=\"summary_large_image\" \/>\n<script type=\"application\/ld+json\" class=\"yoast-schema-graph\">{\"@context\":\"https:\\\/\\\/schema.org\",\"@graph\":[{\"@type\":\"WebPage\",\"@id\":\"https:\\\/\\\/coopgymsantesutton.com\\\/en\\\/membership\\\/\",\"url\":\"https:\\\/\\\/coopgymsantesutton.com\\\/en\\\/membership\\\/\",\"name\":\"Membership - Coop Gym Sant\u00e9 Sutton\",\"isPartOf\":{\"@id\":\"https:\\\/\\\/coopgymsantesutton.com\\\/en\\\/#website\"},\"datePublished\":\"2021-05-31T18:48:17+00:00\",\"dateModified\":\"2025-12-22T23:46:52+00:00\",\"description\":\"In addition to giving you access to our gym and classes, your membership at Coop Gym Sant\u00e9 Sutton offers you several benefits. Learn more here\",\"breadcrumb\":{\"@id\":\"https:\\\/\\\/coopgymsantesutton.com\\\/en\\\/membership\\\/#breadcrumb\"},\"inLanguage\":\"en-US\",\"potentialAction\":[{\"@type\":\"ReadAction\",\"target\":[\"https:\\\/\\\/coopgymsantesutton.com\\\/en\\\/membership\\\/\"]}]},{\"@type\":\"BreadcrumbList\",\"@id\":\"https:\\\/\\\/coopgymsantesutton.com\\\/en\\\/membership\\\/#breadcrumb\",\"itemListElement\":[{\"@type\":\"ListItem\",\"position\":1,\"name\":\"Accueil\",\"item\":\"https:\\\/\\\/coopgymsantesutton.com\\\/en\\\/\"},{\"@type\":\"ListItem\",\"position\":2,\"name\":\"Membership\"}]},{\"@type\":\"WebSite\",\"@id\":\"https:\\\/\\\/coopgymsantesutton.com\\\/en\\\/#website\",\"url\":\"https:\\\/\\\/coopgymsantesutton.com\\\/en\\\/\",\"name\":\"Coop Gym Sant\u00e9 Sutton\",\"description\":\"Votre centre d&#039;entrainement \u00e0 Sutton\",\"publisher\":{\"@id\":\"https:\\\/\\\/coopgymsantesutton.com\\\/en\\\/#organization\"},\"potentialAction\":[{\"@type\":\"SearchAction\",\"target\":{\"@type\":\"EntryPoint\",\"urlTemplate\":\"https:\\\/\\\/coopgymsantesutton.com\\\/en\\\/?s={search_term_string}\"},\"query-input\":{\"@type\":\"PropertyValueSpecification\",\"valueRequired\":true,\"valueName\":\"search_term_string\"}}],\"inLanguage\":\"en-US\"},{\"@type\":\"Organization\",\"@id\":\"https:\\\/\\\/coopgymsantesutton.com\\\/en\\\/#organization\",\"name\":\"Coop Gym Sant\u00e9 Sutton\",\"url\":\"https:\\\/\\\/coopgymsantesutton.com\\\/en\\\/\",\"logo\":{\"@type\":\"ImageObject\",\"inLanguage\":\"en-US\",\"@id\":\"https:\\\/\\\/coopgymsantesutton.com\\\/en\\\/#\\\/schema\\\/logo\\\/image\\\/\",\"url\":\"\",\"contentUrl\":\"\",\"caption\":\"Coop Gym Sant\u00e9 Sutton\"},\"image\":{\"@id\":\"https:\\\/\\\/coopgymsantesutton.com\\\/en\\\/#\\\/schema\\\/logo\\\/image\\\/\"},\"sameAs\":[\"https:\\\/\\\/www.facebook.com\\\/coopgymsantesutton\\\/\",\"https:\\\/\\\/www.instagram.com\\\/coopgymsantesutton\\\/\",\"https:\\\/\\\/www.youtube.com\\\/channel\\\/UCJUx6BeenYy3V_0Fg7cYY2g\"]}]}<\/script>\n<!-- \/ Yoast SEO plugin. -->","yoast_head_json":{"title":"Membership - Coop Gym Sant\u00e9 Sutton","description":"In addition to giving you access to our gym and classes, your membership at Coop Gym Sant\u00e9 Sutton offers you several benefits. Learn more here","robots":{"index":"index","follow":"follow","max-snippet":"max-snippet:-1","max-image-preview":"max-image-preview:large","max-video-preview":"max-video-preview:-1"},"canonical":"https:\/\/coopgymsantesutton.com\/en\/membership\/","og_locale":"en_US","og_type":"article","og_title":"Membership - Coop Gym Sant\u00e9 Sutton","og_description":"In addition to giving you access to our gym and classes, your membership at Coop Gym Sant\u00e9 Sutton offers you several benefits. Learn more here","og_url":"https:\/\/coopgymsantesutton.com\/en\/membership\/","og_site_name":"Coop Gym Sant\u00e9 Sutton","article_publisher":"https:\/\/www.facebook.com\/coopgymsantesutton\/","article_modified_time":"2025-12-22T23:46:52+00:00","og_image":[{"url":"https:\/\/coopgymsantesutton.com\/wp-content\/uploads\/2020\/06\/Facebook-Coop-Gym-Sante-Sutton.jpg","type":"","width":"","height":""}],"twitter_card":"summary_large_image","schema":{"@context":"https:\/\/schema.org","@graph":[{"@type":"WebPage","@id":"https:\/\/coopgymsantesutton.com\/en\/membership\/","url":"https:\/\/coopgymsantesutton.com\/en\/membership\/","name":"Membership - Coop Gym Sant\u00e9 Sutton","isPartOf":{"@id":"https:\/\/coopgymsantesutton.com\/en\/#website"},"datePublished":"2021-05-31T18:48:17+00:00","dateModified":"2025-12-22T23:46:52+00:00","description":"In addition to giving you access to our gym and classes, your membership at Coop Gym Sant\u00e9 Sutton offers you several benefits. Learn more here","breadcrumb":{"@id":"https:\/\/coopgymsantesutton.com\/en\/membership\/#breadcrumb"},"inLanguage":"en-US","potentialAction":[{"@type":"ReadAction","target":["https:\/\/coopgymsantesutton.com\/en\/membership\/"]}]},{"@type":"BreadcrumbList","@id":"https:\/\/coopgymsantesutton.com\/en\/membership\/#breadcrumb","itemListElement":[{"@type":"ListItem","position":1,"name":"Accueil","item":"https:\/\/coopgymsantesutton.com\/en\/"},{"@type":"ListItem","position":2,"name":"Membership"}]},{"@type":"WebSite","@id":"https:\/\/coopgymsantesutton.com\/en\/#website","url":"https:\/\/coopgymsantesutton.com\/en\/","name":"Coop Gym Sant\u00e9 Sutton","description":"Votre centre d&#039;entrainement \u00e0 Sutton","publisher":{"@id":"https:\/\/coopgymsantesutton.com\/en\/#organization"},"potentialAction":[{"@type":"SearchAction","target":{"@type":"EntryPoint","urlTemplate":"https:\/\/coopgymsantesutton.com\/en\/?s={search_term_string}"},"query-input":{"@type":"PropertyValueSpecification","valueRequired":true,"valueName":"search_term_string"}}],"inLanguage":"en-US"},{"@type":"Organization","@id":"https:\/\/coopgymsantesutton.com\/en\/#organization","name":"Coop Gym Sant\u00e9 Sutton","url":"https:\/\/coopgymsantesutton.com\/en\/","logo":{"@type":"ImageObject","inLanguage":"en-US","@id":"https:\/\/coopgymsantesutton.com\/en\/#\/schema\/logo\/image\/","url":"","contentUrl":"","caption":"Coop Gym Sant\u00e9 Sutton"},"image":{"@id":"https:\/\/coopgymsantesutton.com\/en\/#\/schema\/logo\/image\/"},"sameAs":["https:\/\/www.facebook.com\/coopgymsantesutton\/","https:\/\/www.instagram.com\/coopgymsantesutton\/","https:\/\/www.youtube.com\/channel\/UCJUx6BeenYy3V_0Fg7cYY2g"]}]}},"_links":{"self":[{"href":"https:\/\/coopgymsantesutton.com\/en\/wp-json\/wp\/v2\/pages\/1086","targetHints":{"allow":["GET"]}}],"collection":[{"href":"https:\/\/coopgymsantesutton.com\/en\/wp-json\/wp\/v2\/pages"}],"about":[{"href":"https:\/\/coopgymsantesutton.com\/en\/wp-json\/wp\/v2\/types\/page"}],"author":[{"embeddable":true,"href":"https:\/\/coopgymsantesutton.com\/en\/wp-json\/wp\/v2\/users\/2"}],"replies":[{"embeddable":true,"href":"https:\/\/coopgymsantesutton.com\/en\/wp-json\/wp\/v2\/comments?post=1086"}],"version-history":[{"count":11,"href":"https:\/\/coopgymsantesutton.com\/en\/wp-json\/wp\/v2\/pages\/1086\/revisions"}],"predecessor-version":[{"id":5380,"href":"https:\/\/coopgymsantesutton.com\/en\/wp-json\/wp\/v2\/pages\/1086\/revisions\/5380"}],"wp:attachment":[{"href":"https:\/\/coopgymsantesutton.com\/en\/wp-json\/wp\/v2\/media?parent=1086"}],"curies":[{"name":"wp","href":"https:\/\/api.w.org\/{rel}","templated":true}]}}