{"id":1073,"date":"2021-05-31T14:35:11","date_gmt":"2021-05-31T18:35:11","guid":{"rendered":"https:\/\/coopgymsantesutton.com\/?page_id=1073"},"modified":"2026-02-26T15:09:24","modified_gmt":"2026-02-26T20:09:24","slug":"our-team","status":"publish","type":"page","link":"https:\/\/coopgymsantesutton.com\/en\/our-team\/","title":{"rendered":"Our Team"},"content":{"rendered":"\n<h2>\n\t\t\tNotre \u00e9quipe\t<\/h2>\n<h4>\n\t\t\tEmploy\u00e9es \u00e0 l&#8217;accueil\t<\/h4>\n<figure itemscope itemtype=\"https:\/\/schema.org\/ImageObject\">\n\t\t\t\t<img decoding=\"async\" src=\"https:\/\/coopgymsantesutton.com\/wp-content\/uploads\/2025\/12\/Manon-1.jpeg\" alt=\"Manon - 1\" height=\"1751\" width=\"1313\" title=\"Manon - 1\" onerror=\"this.style.display='none'\" loading=\"lazy\" \/>\n\t<\/figure>\n<h3>\n\t\t\tManon Brodeur\t<\/h3>\n\t<blockquote>\nManon est nouvellement retrait\u00e9e du monde de l&#8217;optique comme opticienne d&#8217;ordonnances. Plusieurs ann\u00e9es dans ce domaine lui a permis d&#8217;acqu\u00e9rir beaucoup d&#8217;exp\u00e9rience dans le service \u00e0 la client\u00e8le. R\u00e9sidente \u00e0 Sutton \u00e0 temps plein depuis 1 an, elle a d\u00e9couvert la Coop gym et l&#8217;a imm\u00e9diatement adopt\u00e9: Pil\u00e2tes, spinning, cardio et musculation sont parmi ses cours pr\u00e9f\u00e9r\u00e9s. Elle aime aussi pratiquer le v\u00e9lo, la randonn\u00e9e, la raquette et le ski de fond. \u00a0Elle vous accueillera au gym avec grand plaisir.\n<\/blockquote>\n<figure itemscope itemtype=\"https:\/\/schema.org\/ImageObject\">\n\t\t\t\t<img decoding=\"async\" src=\"https:\/\/coopgymsantesutton.com\/wp-content\/uploads\/2025\/10\/Lyne_Boulanger-IMG_0008.jpg\" alt=\"Lyne_Boulanger-IMG_0008\" height=\"250\" width=\"320\" title=\"Lyne_Boulanger-IMG_0008\" onerror=\"this.style.display='none'\" loading=\"lazy\" \/>\n\t<\/figure>\n<h3>\n\t\t\tLyne Boulanger\t<\/h3>\n\t<blockquote>\nOriginaire de Sutton, Lyne revient s&#8217;y installer \u00e0 temps plein et souhaite s&#8217;impliquer dans la communaut\u00e9. Ing\u00e9nieure de formation, elle a principalement \u0153uvr\u00e9 comme acheteur pour des entreprises manufacturi\u00e8res. Les postes occup\u00e9s lui ont permis de d\u00e9velopper de bonnes aptitudes organisationnelles et de travail d&#8217;\u00e9quipe. Passionn\u00e9e de ski, de plein air et aimant l&#8217;activit\u00e9 physique, la Coop gym sant\u00e9 Sutton se veut un milieu d&#8217;int\u00e9r\u00eats pour elle. Vous la retrouverez \u00e0 l&#8217;accueil avec le sourire!\n<\/blockquote>\n<figure itemscope itemtype=\"https:\/\/schema.org\/ImageObject\">\n\t\t\t\t<img decoding=\"async\" src=\"https:\/\/coopgymsantesutton.com\/wp-content\/uploads\/2026\/01\/photo-Zoe.jpg\" alt=\"Screenshot\" height=\"1715\" width=\"1170\" title=\"Screenshot\" onerror=\"this.style.display='none'\" loading=\"lazy\" \/>\n\t<\/figure>\n<h3>\n\t\t\tZo\u00e9 Parenteau\t<\/h3>\n\t<blockquote><p>De retour \u00e0 Sutton apr\u00e8s quelques ann\u00e9es d&#8217;absences, Zo\u00e9 est heureuse de se joindre \u00e0 l&#8217;\u00e9quipe du gym.\u00a0 Grande adepte du bien-\u00eatre sous toutes ses formes, vous la retrouverez \u00e0 l&#8217;accueil, souriante, \u00e0 l&#8217;\u00e9coute et attentionn\u00e9e.<\/p><\/blockquote>\n<h4>\n\t\t\tEntraineur\u00b7e\u00b7s\t<\/h4>\n<figure itemscope itemtype=\"https:\/\/schema.org\/ImageObject\">\n\t\t\t\t<img decoding=\"async\" src=\"https:\/\/coopgymsantesutton.com\/wp-content\/uploads\/2025\/09\/Melissa-1-scaled.jpg\" alt=\"Me\u0301lissa (1)\" height=\"2560\" width=\"1920\" title=\"Me\u0301lissa (1)\" onerror=\"this.style.display='none'\" loading=\"lazy\" \/>\n\t<\/figure>\n<h3>\n\t\t\tM\u00e9lissa Tremblay\t<\/h3>\n\t<blockquote><p>B.Sc Kin\u00e9siologie<\/p>\n<p>M\u00e9lissa a toujours \u00e9t\u00e9 sportive. Pratiquant la natation plus jeune, elle s&#8217;est ensuite int\u00e9ress\u00e9e \u00e0 l&#8217;entrainement. M\u00e9lissa est dipl\u00f4m\u00e9e du baccalaur\u00e9at en Kin\u00e9siologie de l&#8217;Universit\u00e9 de Montr\u00e9al depuis 2004. Elle a d\u00e9velopp\u00e9 une passion pour les cours de groupe et s&#8217;est sp\u00e9cialis\u00e9e en Pilates et en Yoga. Depuis son arriv\u00e9e \u00e0 la Coop, elle a contribu\u00e9e \u00e0 augmenter l&#8217;offre de cours de groupe en allant chercher d&#8217;autres formations en Boxe et en Barre (Posture Tonus). M\u00e9lissa donne aussi des entrainements priv\u00e9s et fait des programmes personnalis\u00e9s. Elle se sp\u00e9cialise dans le travail postural, le renforcement sp\u00e9cifique apr\u00e8s blessure, la pr\u00e9paration sportive et le bien-\u00eatre g\u00e9n\u00e9ral. Pr\u00e9f\u00e9rant les loisirs actifs, elle aime faire de la randonn\u00e9e en montagne, du ski de fond, de la raquette et du jogging.<\/p>\n<p>Vous d\u00e9sirez un programme personnalis\u00e9? Vous voulez un suivi en entrainement priv\u00e9? Vous avez des questions? Contactez M\u00e9lissa au <a href=\"mailto:melissa@coopgymsantesutton.com\">melissa@coopgymsantesutton.com<\/a><\/p><\/blockquote>\n<figure itemscope itemtype=\"https:\/\/schema.org\/ImageObject\">\n\t\t\t\t<img decoding=\"async\" src=\"https:\/\/coopgymsantesutton.com\/wp-content\/uploads\/2022\/08\/thumbnail_Jose\u0301e-Gagnon-3.jpeg\" alt=\"thumbnail_Jose\u0301e Gagnon\" height=\"632\" width=\"632\" title=\"thumbnail_Jose\u0301e Gagnon\" onerror=\"this.style.display='none'\" loading=\"lazy\" \/>\n\t<\/figure>\n<h3>\n\t\t\tJos\u00e9e Gagnon\t<\/h3>\n\t<blockquote><p>B.Sc Kin\u00e9siologie<\/p>\n<p>Jos\u00e9e adore l&#8217;activit\u00e9 physique en g\u00e9n\u00e9ral. Elle a obtenu son dipl\u00f4me en kin\u00e9siologie de l&#8217;Universit\u00e9 du Qu\u00e9bec \u00e0 Montr\u00e9al en 1999 et elle a travaill\u00e9 au YMCA de Montr\u00e9al comme coordonnatrice des programmes d&#8217;entra\u00eenement pendant de nombreuses ann\u00e9es. Elle y enseignait plusieurs cours de groupe mais elle a eu un coup de c\u0153ur pour les classes de Spinning. Grande adepte de v\u00e9lo de route, elle a d\u00e9cid\u00e9 de venir s&#8217;installer \u00e0 Sutton en 2004. Elle a entrepris sa nouvelle carri\u00e8re en 2005 comme professeure d&#8217;\u00e9ducation physique dans la r\u00e9gion. Son amour pour le Spinning a persist\u00e9. Alors, elle a commenc\u00e9 \u00e0 donner des cours de Spinning chez \u00c9nergie sud. Professeure passionn\u00e9e, elle montait sur sa selle deux fois par semaine de 2006 \u00e0 2018. Heureusement pour nous, Jos\u00e9e a toujours la flamme et elle est tr\u00e8s emball\u00e9e de commencer \u00e0 enseigner \u00e0 la Coop gym sant\u00e9 Sutton. <\/p><\/blockquote>\n<figure itemscope itemtype=\"https:\/\/schema.org\/ImageObject\">\n\t\t\t\t<img decoding=\"async\" src=\"https:\/\/coopgymsantesutton.com\/wp-content\/uploads\/2025\/11\/Sladen-JIll-2-web.jpg\" alt=\"Sladen-JIll-2-web\" height=\"800\" width=\"800\" title=\"Sladen-JIll-2-web\" onerror=\"this.style.display='none'\" loading=\"lazy\" \/>\n\t<\/figure>\n<h3>\n\t\t\tJill Sladen\t<\/h3>\n\t<blockquote><p>J&#8217;adore aider les autres \u00e0 se sentir bien, \u00e0 apprendre de nouvelles choses et \u00e0 atteindre leurs objectifs. J&#8217;appr\u00e9cie autant travailler avec les d\u00e9butants, car nous avons tous \u00e9t\u00e9 un jour au d\u00e9but d&#8217;une nouvelle aventure, qu&#8217;avec les habitu\u00e9s des salles de sport. Ma force r\u00e9side dans mon optimisme et ma grande patience qui me permettent d&#8217;aider chacun \u00e0 surmonter les obstacles.<\/p>\n<p>Je suis coach sportif certifi\u00e9e par YMCA-FIT et je m&#8217;int\u00e9resse particuli\u00e8rement au r\u00f4le de la force musculaire sur la sant\u00e9 et son impact sur le ralentissement du vieillissement, notamment chez les femmes. Je suis \u00e9galement moniteur de ski alpin niveau 2, moniteur de v\u00e9lo de montagne niveau 1 et moniteur de squash.<\/p>\n<p>Am\u00e9liorer votre forme et sant\u00e9 devrait \u00eatre le meilleur moment de votre journ\u00e9e: Travaillons-y ensemble !<\/p><\/blockquote>\n<figure itemscope itemtype=\"https:\/\/schema.org\/ImageObject\">\n\t\t\t\t<img decoding=\"async\" src=\"https:\/\/coopgymsantesutton.com\/wp-content\/uploads\/2022\/02\/Capture-de\u0301cran-le-2022-02-10-a\u0300-15.54.26.png\" alt=\"Capture d'e\u0301cran, le 2022-02-10 a\u0300 15.54.26\" height=\"350\" width=\"342\" title=\"Capture d'e\u0301cran, le 2022-02-10 a\u0300 15.54.26\" onerror=\"this.style.display='none'\" loading=\"lazy\" \/>\n\t<\/figure>\n<h3>\n\t\t\tDominique Chabot\t<\/h3>\n\t<blockquote><p>Une vie active par le Pilates.<\/p>\n<p>Dominique est passionn\u00e9e et veut vous faire profiter d&#8217;une vie active en vous aidant \u00e0 am\u00e9liorer votre stabilit\u00e9, votre flexibilit\u00e9 et votre force. Apr\u00e8s une carri\u00e8re internationale dans une vari\u00e9t\u00e9 de r\u00f4les en vente et en ressources humaines, Dominique s&#8217;installe \u00e0 Sutton o\u00f9 vous la verrez probablement faire du v\u00e9lo, du ski alpin et du paddle-board sur les diff\u00e9rents terrains de jeux des Cantons-de-l&#8217;Est. Dominique exerce le Pilates depuis plus de 10 ans et a \u00e9t\u00e9 form\u00e9e chez Stott Pilates. Ses s\u00e9ances sont adapt\u00e9es \u00e0 vos objectifs et conditions en tirant parti de toute la gamme d&#8217;\u00e9quipements Pilates ou simplement du tapis de sol. Les clients de tous \u00e2ges et conditions physiques la d\u00e9crivent comme amicale, imaginative et attentionn\u00e9e.<\/p><\/blockquote>\n<figure itemscope itemtype=\"https:\/\/schema.org\/ImageObject\">\n\t\t\t\t<img decoding=\"async\" src=\"https:\/\/coopgymsantesutton.com\/wp-content\/uploads\/2026\/02\/Photo-Jannah-2-scaled.jpg\" alt=\"Photo Jannah\" height=\"2560\" width=\"1707\" title=\"Photo Jannah\" onerror=\"this.style.display='none'\" loading=\"lazy\" \/>\n\t<\/figure>\n<h3>\n\t\t\tJanna Hubacek\t<\/h3>\n\t<blockquote><p>Janna est une sutonnaise bien impliqu\u00e9e dans sa communaut\u00e9. Nouvellement certifi\u00e9e Instructeure Spinning\u00ae, Janna est une grande fan des cours de groupe pour s&#8217;aider &#8211; et aider les autres &#8211; \u00e0 se botter le &#8221;derri\u00e8re&#8221; avec le sourire. Un entra\u00eenement cardio et amusant \u00e0 ne pas manquer!<\/p><\/blockquote>\n<figure itemscope itemtype=\"https:\/\/schema.org\/ImageObject\">\n\t\t\t\t<img decoding=\"async\" src=\"https:\/\/coopgymsantesutton.com\/wp-content\/uploads\/2026\/02\/photo-Alicia.jpg\" alt=\"photo Alicia\" height=\"2048\" width=\"2048\" title=\"photo Alicia\" onerror=\"this.style.display='none'\" loading=\"lazy\" \/>\n\t<\/figure>\n<h3>\n\t\t\tAlicia St-Amant\t<\/h3>\n\t<blockquote><p>Alicia St-Amant, instructrice de Zumba certifi\u00e9e depuis 2014, est toujours amoureuse de la danse et de l&#8217;activit\u00e9 physique. Malgr\u00e9 les hauts et les bas de la vie, ces moments o\u00f9 seulement la musique, le mouvement et le plaisir existent,\u00a0 demeurent toujours un temps o\u00f9 la joie de vivre domine. Venez bouger et vous amuser \u00e0 ses c\u00f4t\u00e9s!<\/p><\/blockquote>\n\t\t<iframe loading=\"lazy\" title=\"Pr\u00e9sentation Dominique Boucher\" width=\"500\" height=\"281\" src=\"https:\/\/www.youtube.com\/embed\/Tcfn55IPxK4?feature=oembed\" frameborder=\"0\" allow=\"accelerometer; autoplay; clipboard-write; encrypted-media; gyroscope; picture-in-picture; web-share\" referrerpolicy=\"strict-origin-when-cross-origin\" allowfullscreen><\/iframe>\t\n<h3>\n\t\t\tDominique Boucher\t<\/h3>\n\t<blockquote><p>Dominique est une amoureuse de la marche depuis les ann\u00e9es 1980. Ses bottes ont foul\u00e9 maints sentiers dont ceux du mont Blanc, des Pyr\u00e9n\u00e9es et de la Cha\u00eene des Pr\u00e9sidentielles. Elle marche de 5 km \u00e0 10 km quotidiennement. Elle accompagnera efficacement les personnes qui veulent se mettre \u00e0 la marche rapide.<\/p><\/blockquote>\n\n","protected":false},"excerpt":{"rendered":"<p>Notre \u00e9quipe Employ\u00e9es \u00e0 l&#8217;accueil Manon Brodeur Manon est nouvellement retrait\u00e9e du monde de l&#8217;optique comme opticienne d&#8217;ordonnances. Plusieurs ann\u00e9es dans ce domaine lui a permis d&#8217;acqu\u00e9rir beaucoup d&#8217;exp\u00e9rience dans le service \u00e0 la client\u00e8le. R\u00e9sidente \u00e0 Sutton \u00e0 temps plein depuis 1 an, elle a d\u00e9couvert la Coop gym et l&#8217;a imm\u00e9diatement adopt\u00e9: Pil\u00e2tes,&hellip;<\/p>\n","protected":false},"author":2,"featured_media":0,"parent":0,"menu_order":0,"comment_status":"closed","ping_status":"closed","template":"","meta":{"footnotes":""},"class_list":["post-1073","page","type-page","status-publish","hentry"],"yoast_head":"<!-- This site is optimized with the Yoast SEO plugin v27.3 - https:\/\/yoast.com\/product\/yoast-seo-wordpress\/ -->\n<title>Our Team - Coop Gym Sant\u00e9 Sutton<\/title>\n<meta name=\"robots\" content=\"index, follow, max-snippet:-1, max-image-preview:large, max-video-preview:-1\" \/>\n<link rel=\"canonical\" href=\"https:\/\/coopgymsantesutton.com\/en\/our-team\/\" \/>\n<meta property=\"og:locale\" content=\"en_US\" \/>\n<meta property=\"og:type\" content=\"article\" \/>\n<meta property=\"og:title\" content=\"Our Team - Coop Gym Sant\u00e9 Sutton\" \/>\n<meta property=\"og:description\" content=\"Notre \u00e9quipe Employ\u00e9es \u00e0 l&#8217;accueil Manon Brodeur Manon est nouvellement retrait\u00e9e du monde de l&#8217;optique comme opticienne d&#8217;ordonnances. Plusieurs ann\u00e9es dans ce domaine lui a permis d&#8217;acqu\u00e9rir beaucoup d&#8217;exp\u00e9rience dans le service \u00e0 la client\u00e8le. R\u00e9sidente \u00e0 Sutton \u00e0 temps plein depuis 1 an, elle a d\u00e9couvert la Coop gym et l&#8217;a imm\u00e9diatement adopt\u00e9: Pil\u00e2tes,&hellip;\" \/>\n<meta property=\"og:url\" content=\"https:\/\/coopgymsantesutton.com\/en\/our-team\/\" \/>\n<meta property=\"og:site_name\" content=\"Coop Gym Sant\u00e9 Sutton\" \/>\n<meta property=\"article:publisher\" content=\"https:\/\/www.facebook.com\/coopgymsantesutton\/\" \/>\n<meta property=\"article:modified_time\" content=\"2026-02-26T20:09:24+00:00\" \/>\n<meta property=\"og:image\" content=\"https:\/\/coopgymsantesutton.com\/wp-content\/uploads\/2025\/12\/Manon-1.jpeg\" \/>\n<meta name=\"twitter:card\" content=\"summary_large_image\" \/>\n<meta name=\"twitter:label1\" content=\"Est. reading time\" \/>\n\t<meta name=\"twitter:data1\" content=\"3 minutes\" \/>\n<script type=\"application\/ld+json\" class=\"yoast-schema-graph\">{\"@context\":\"https:\\\/\\\/schema.org\",\"@graph\":[{\"@type\":\"WebPage\",\"@id\":\"https:\\\/\\\/coopgymsantesutton.com\\\/en\\\/our-team\\\/\",\"url\":\"https:\\\/\\\/coopgymsantesutton.com\\\/en\\\/our-team\\\/\",\"name\":\"Our Team - Coop Gym Sant\u00e9 Sutton\",\"isPartOf\":{\"@id\":\"https:\\\/\\\/coopgymsantesutton.com\\\/en\\\/#website\"},\"primaryImageOfPage\":{\"@id\":\"https:\\\/\\\/coopgymsantesutton.com\\\/en\\\/our-team\\\/#primaryimage\"},\"image\":{\"@id\":\"https:\\\/\\\/coopgymsantesutton.com\\\/en\\\/our-team\\\/#primaryimage\"},\"thumbnailUrl\":\"https:\\\/\\\/coopgymsantesutton.com\\\/wp-content\\\/uploads\\\/2025\\\/12\\\/Manon-1.jpeg\",\"datePublished\":\"2021-05-31T18:35:11+00:00\",\"dateModified\":\"2026-02-26T20:09:24+00:00\",\"breadcrumb\":{\"@id\":\"https:\\\/\\\/coopgymsantesutton.com\\\/en\\\/our-team\\\/#breadcrumb\"},\"inLanguage\":\"en-US\",\"potentialAction\":[{\"@type\":\"ReadAction\",\"target\":[\"https:\\\/\\\/coopgymsantesutton.com\\\/en\\\/our-team\\\/\"]}]},{\"@type\":\"ImageObject\",\"inLanguage\":\"en-US\",\"@id\":\"https:\\\/\\\/coopgymsantesutton.com\\\/en\\\/our-team\\\/#primaryimage\",\"url\":\"https:\\\/\\\/coopgymsantesutton.com\\\/wp-content\\\/uploads\\\/2025\\\/12\\\/Manon-1.jpeg\",\"contentUrl\":\"https:\\\/\\\/coopgymsantesutton.com\\\/wp-content\\\/uploads\\\/2025\\\/12\\\/Manon-1.jpeg\"},{\"@type\":\"BreadcrumbList\",\"@id\":\"https:\\\/\\\/coopgymsantesutton.com\\\/en\\\/our-team\\\/#breadcrumb\",\"itemListElement\":[{\"@type\":\"ListItem\",\"position\":1,\"name\":\"Accueil\",\"item\":\"https:\\\/\\\/coopgymsantesutton.com\\\/en\\\/home\\\/\"},{\"@type\":\"ListItem\",\"position\":2,\"name\":\"Our Team\"}]},{\"@type\":\"WebSite\",\"@id\":\"https:\\\/\\\/coopgymsantesutton.com\\\/en\\\/#website\",\"url\":\"https:\\\/\\\/coopgymsantesutton.com\\\/en\\\/\",\"name\":\"Coop Gym Sant\u00e9 Sutton\",\"description\":\"Votre centre d&#039;entrainement \u00e0 Sutton\",\"publisher\":{\"@id\":\"https:\\\/\\\/coopgymsantesutton.com\\\/en\\\/#organization\"},\"potentialAction\":[{\"@type\":\"SearchAction\",\"target\":{\"@type\":\"EntryPoint\",\"urlTemplate\":\"https:\\\/\\\/coopgymsantesutton.com\\\/en\\\/?s={search_term_string}\"},\"query-input\":{\"@type\":\"PropertyValueSpecification\",\"valueRequired\":true,\"valueName\":\"search_term_string\"}}],\"inLanguage\":\"en-US\"},{\"@type\":\"Organization\",\"@id\":\"https:\\\/\\\/coopgymsantesutton.com\\\/en\\\/#organization\",\"name\":\"Coop Gym Sant\u00e9 Sutton\",\"url\":\"https:\\\/\\\/coopgymsantesutton.com\\\/en\\\/\",\"logo\":{\"@type\":\"ImageObject\",\"inLanguage\":\"en-US\",\"@id\":\"https:\\\/\\\/coopgymsantesutton.com\\\/en\\\/#\\\/schema\\\/logo\\\/image\\\/\",\"url\":\"\",\"contentUrl\":\"\",\"caption\":\"Coop Gym Sant\u00e9 Sutton\"},\"image\":{\"@id\":\"https:\\\/\\\/coopgymsantesutton.com\\\/en\\\/#\\\/schema\\\/logo\\\/image\\\/\"},\"sameAs\":[\"https:\\\/\\\/www.facebook.com\\\/coopgymsantesutton\\\/\",\"https:\\\/\\\/www.instagram.com\\\/coopgymsantesutton\\\/\",\"https:\\\/\\\/www.youtube.com\\\/channel\\\/UCJUx6BeenYy3V_0Fg7cYY2g\"]}]}<\/script>\n<!-- \/ Yoast SEO plugin. -->","yoast_head_json":{"title":"Our Team - Coop Gym Sant\u00e9 Sutton","robots":{"index":"index","follow":"follow","max-snippet":"max-snippet:-1","max-image-preview":"max-image-preview:large","max-video-preview":"max-video-preview:-1"},"canonical":"https:\/\/coopgymsantesutton.com\/en\/our-team\/","og_locale":"en_US","og_type":"article","og_title":"Our Team - Coop Gym Sant\u00e9 Sutton","og_description":"Notre \u00e9quipe Employ\u00e9es \u00e0 l&#8217;accueil Manon Brodeur Manon est nouvellement retrait\u00e9e du monde de l&#8217;optique comme opticienne d&#8217;ordonnances. Plusieurs ann\u00e9es dans ce domaine lui a permis d&#8217;acqu\u00e9rir beaucoup d&#8217;exp\u00e9rience dans le service \u00e0 la client\u00e8le. R\u00e9sidente \u00e0 Sutton \u00e0 temps plein depuis 1 an, elle a d\u00e9couvert la Coop gym et l&#8217;a imm\u00e9diatement adopt\u00e9: Pil\u00e2tes,&hellip;","og_url":"https:\/\/coopgymsantesutton.com\/en\/our-team\/","og_site_name":"Coop Gym Sant\u00e9 Sutton","article_publisher":"https:\/\/www.facebook.com\/coopgymsantesutton\/","article_modified_time":"2026-02-26T20:09:24+00:00","og_image":[{"url":"https:\/\/coopgymsantesutton.com\/wp-content\/uploads\/2025\/12\/Manon-1.jpeg","type":"","width":"","height":""}],"twitter_card":"summary_large_image","twitter_misc":{"Est. reading time":"3 minutes"},"schema":{"@context":"https:\/\/schema.org","@graph":[{"@type":"WebPage","@id":"https:\/\/coopgymsantesutton.com\/en\/our-team\/","url":"https:\/\/coopgymsantesutton.com\/en\/our-team\/","name":"Our Team - Coop Gym Sant\u00e9 Sutton","isPartOf":{"@id":"https:\/\/coopgymsantesutton.com\/en\/#website"},"primaryImageOfPage":{"@id":"https:\/\/coopgymsantesutton.com\/en\/our-team\/#primaryimage"},"image":{"@id":"https:\/\/coopgymsantesutton.com\/en\/our-team\/#primaryimage"},"thumbnailUrl":"https:\/\/coopgymsantesutton.com\/wp-content\/uploads\/2025\/12\/Manon-1.jpeg","datePublished":"2021-05-31T18:35:11+00:00","dateModified":"2026-02-26T20:09:24+00:00","breadcrumb":{"@id":"https:\/\/coopgymsantesutton.com\/en\/our-team\/#breadcrumb"},"inLanguage":"en-US","potentialAction":[{"@type":"ReadAction","target":["https:\/\/coopgymsantesutton.com\/en\/our-team\/"]}]},{"@type":"ImageObject","inLanguage":"en-US","@id":"https:\/\/coopgymsantesutton.com\/en\/our-team\/#primaryimage","url":"https:\/\/coopgymsantesutton.com\/wp-content\/uploads\/2025\/12\/Manon-1.jpeg","contentUrl":"https:\/\/coopgymsantesutton.com\/wp-content\/uploads\/2025\/12\/Manon-1.jpeg"},{"@type":"BreadcrumbList","@id":"https:\/\/coopgymsantesutton.com\/en\/our-team\/#breadcrumb","itemListElement":[{"@type":"ListItem","position":1,"name":"Accueil","item":"https:\/\/coopgymsantesutton.com\/en\/home\/"},{"@type":"ListItem","position":2,"name":"Our Team"}]},{"@type":"WebSite","@id":"https:\/\/coopgymsantesutton.com\/en\/#website","url":"https:\/\/coopgymsantesutton.com\/en\/","name":"Coop Gym Sant\u00e9 Sutton","description":"Votre centre d&#039;entrainement \u00e0 Sutton","publisher":{"@id":"https:\/\/coopgymsantesutton.com\/en\/#organization"},"potentialAction":[{"@type":"SearchAction","target":{"@type":"EntryPoint","urlTemplate":"https:\/\/coopgymsantesutton.com\/en\/?s={search_term_string}"},"query-input":{"@type":"PropertyValueSpecification","valueRequired":true,"valueName":"search_term_string"}}],"inLanguage":"en-US"},{"@type":"Organization","@id":"https:\/\/coopgymsantesutton.com\/en\/#organization","name":"Coop Gym Sant\u00e9 Sutton","url":"https:\/\/coopgymsantesutton.com\/en\/","logo":{"@type":"ImageObject","inLanguage":"en-US","@id":"https:\/\/coopgymsantesutton.com\/en\/#\/schema\/logo\/image\/","url":"","contentUrl":"","caption":"Coop Gym Sant\u00e9 Sutton"},"image":{"@id":"https:\/\/coopgymsantesutton.com\/en\/#\/schema\/logo\/image\/"},"sameAs":["https:\/\/www.facebook.com\/coopgymsantesutton\/","https:\/\/www.instagram.com\/coopgymsantesutton\/","https:\/\/www.youtube.com\/channel\/UCJUx6BeenYy3V_0Fg7cYY2g"]}]}},"_links":{"self":[{"href":"https:\/\/coopgymsantesutton.com\/en\/wp-json\/wp\/v2\/pages\/1073","targetHints":{"allow":["GET"]}}],"collection":[{"href":"https:\/\/coopgymsantesutton.com\/en\/wp-json\/wp\/v2\/pages"}],"about":[{"href":"https:\/\/coopgymsantesutton.com\/en\/wp-json\/wp\/v2\/types\/page"}],"author":[{"embeddable":true,"href":"https:\/\/coopgymsantesutton.com\/en\/wp-json\/wp\/v2\/users\/2"}],"replies":[{"embeddable":true,"href":"https:\/\/coopgymsantesutton.com\/en\/wp-json\/wp\/v2\/comments?post=1073"}],"version-history":[{"count":12,"href":"https:\/\/coopgymsantesutton.com\/en\/wp-json\/wp\/v2\/pages\/1073\/revisions"}],"predecessor-version":[{"id":5508,"href":"https:\/\/coopgymsantesutton.com\/en\/wp-json\/wp\/v2\/pages\/1073\/revisions\/5508"}],"wp:attachment":[{"href":"https:\/\/coopgymsantesutton.com\/en\/wp-json\/wp\/v2\/media?parent=1073"}],"curies":[{"name":"wp","href":"https:\/\/api.w.org\/{rel}","templated":true}]}}