{"id":1067,"date":"2021-05-31T14:30:50","date_gmt":"2021-05-31T18:30:50","guid":{"rendered":"https:\/\/coopgymsantesutton.com\/?page_id=1067"},"modified":"2026-03-04T10:28:24","modified_gmt":"2026-03-04T15:28:24","slug":"about","status":"publish","type":"page","link":"https:\/\/coopgymsantesutton.com\/en\/about\/","title":{"rendered":"About"},"content":{"rendered":"\n<h1>\n\t\t\tCours\t<\/h1>\n<h2>\n\t\t\tHistorique\t<\/h2>\n\t<p>La Coop gym sant\u00e9 Sutton a vu le jour en 2014 lorsque les cinq membres du comit\u00e9 initiant le projet ont eu comme objectif d&#8217;offrir un \u00ab\u00a0<strong>produit<\/strong>\u00a0\u00bb <strong>diff\u00e9rent<\/strong> de ce qui existait dans l&#8217;univers des centres d&#8217;entra\u00eenement. Ils ne voulaient pas simplement faire diff\u00e9rent, mais r\u00e9aliser leur r\u00eave, qui est toujours\u00a0:<\/p>\n<ul>\n<li>de faciliter, \u00e0 l&#8217;aide de l&#8217;activit\u00e9 physique, la prise en charge de la sant\u00e9 de chacun des membres de notre localit\u00e9,<\/li>\n<li>d&#8217;offrir aux membres et aux abonn\u00e9s un environnement propice \u00e0 l&#8217;\u00e9tablissement d&#8217;un r\u00e9seau social.<\/li>\n<\/ul>\n<h2>\n\t\t\tConseil d&#8217;administration\t<\/h2>\n<figure itemscope itemtype=\"https:\/\/schema.org\/ImageObject\">\n\t\t\t\t<img decoding=\"async\" src=\"https:\/\/coopgymsantesutton.com\/wp-content\/uploads\/2026\/02\/Photo-CA-scaled.jpg\" alt=\"Photo CA\" height=\"1920\" width=\"2560\" title=\"Photo CA\" onerror=\"this.style.display='none'\" loading=\"lazy\" \/>\n\t<\/figure>\n\t<p>Rang\u00e9e avant, de gauche \u00e0 droite:<\/p>\nMarc-Andr\u00e9 Blain, administrateur<br \/>\nLiane Bruneau, pr\u00e9sidente<br \/>\nIsabelle Cardinal, administratrice<br \/>\nMike McVey, administrateur\n<p>Rang\u00e9e arri\u00e8re, de gauche \u00e0 droite:<\/p>\nAndr\u00e9 Forest, administrateur<br \/>\nF\u00e9lix Desjardins-Potvin, administrateur<br \/>\n\u00c9dith Dandenault, administratrice<br \/>\nMari Cardinal, tr\u00e9sorier<br \/>\nClaudette Dupont, secr\u00e9taire\n\t\t\t\t\t<a role=\"heading\" aria-level=\"2\" tabindex=\"-1\"  id=\"fl-accordion--label-0\">Notre Mission<\/a>\n\t\t\t\t\t\t\t\t\t\t\t<button type=\"button\" id=\"fl-accordion--icon-0\" aria-expanded=\"false\" aria-controls=\"fl-accordion--panel-0\"><i>D\u00e9plier<\/i><\/button>\n\t\t\t\t\t<p>Offrir \u00e0 la population un gym stimulant et convivial qui favorise le d\u00e9veloppement, le maintien et l&#8217;am\u00e9lioration de la forme physique.<\/p>\n\t\t\t\t\t<a role=\"heading\" aria-level=\"2\" tabindex=\"-1\"  id=\"fl-accordion--label-1\">Notre Vision<\/a>\n\t\t\t\t\t\t\t\t\t\t\t<button type=\"button\" id=\"fl-accordion--icon-1\" aria-expanded=\"false\" aria-controls=\"fl-accordion--panel-1\"><i>D\u00e9plier<\/i><\/button>\n\t\t\t\t\t<p>En tant que coop\u00e9rative, nous avons pour vision de cr\u00e9er, \u00e0 \u00e9chelle humaine, un environnement ouvert, participatif, inclusif et propice \u00e0 l&#8217;\u00e9tablissement de liens sociaux entre les membres, les utilisateurs, le personnel et les b\u00e9n\u00e9voles, le tout dans le cadre de l&#8217;activit\u00e9 physique.<\/p>\n\t\t\t\t\t<a role=\"heading\" aria-level=\"2\" tabindex=\"-1\"  id=\"fl-accordion--label-2\">Structure<\/a>\n\t\t\t\t\t\t\t\t\t\t\t<button type=\"button\" id=\"fl-accordion--icon-2\" aria-expanded=\"false\" aria-controls=\"fl-accordion--panel-2\"><i>D\u00e9plier<\/i><\/button>\n\t\t\t\t\t<p>L&#8217;assembl\u00e9e g\u00e9n\u00e9rale des membres de la Coop est souveraine et d\u00e9cide, entre autres, du mandat qu&#8217;elle confie au conseil d&#8217;administration. Chaque membre de la Coop d\u00e9tient un vote. Le conseil d&#8217;administration est constitu\u00e9 de neuf membres administrateurs \u00e9lus pour des mandats de trois ans lors de l&#8217;assembl\u00e9e g\u00e9n\u00e9rale annuelle. Le conseil d&#8217;administration peut toutefois pourvoir les postes vacants en cours de mandats.<\/p>\n<p><strong>Devenir membre &#8211; Part sociale<\/strong><\/p>\n<p>Pour devenir membre de la Coop, une personne doit acheter une part de sociale de cent cinquante dollars. La personne devient ainsi membre \u00e0 vie. Cette part est non remboursable. Les parts sociales ont constitu\u00e9 le capital de d\u00e9part de la cr\u00e9ation de la Coop. Consultez les <a href=\"https:\/\/coopgymsantesutton.com\/en\/membership\/\">avantages pour nos membres<\/a>.<\/p>\n<p><strong>Parts privil\u00e9gi\u00e9es<\/strong><\/p>\n<p>En juillet 2020, la Coop a lanc\u00e9 la vente de parts privil\u00e9gi\u00e9es de cat\u00e9gorie\u00a01. Ces parts \u00e0 250\u00a0$ l&#8217;unit\u00e9 ont \u00e9t\u00e9 offertes tant aux membres qu&#8217;aux non-membres et demeurent achetables en tout temps. Elles ne font pas d&#8217;un non-membre un membre et n&#8217;offrent aucun droit additionnel. Ces parts non transf\u00e9rables portent int\u00e9r\u00eat au taux de 3\u00a0% annuellement et peuvent \u00eatre revendues \u00e0 la Coop. Le paiement de l&#8217;int\u00e9r\u00eat et le rachat des parts est tributaire de la situation financi\u00e8re de la Coop et \u00e0 la discr\u00e9tion du CA.<\/p>\n\t\t\t\t\t<a role=\"heading\" aria-level=\"2\" tabindex=\"-1\"  id=\"fl-accordion--label-3\">Membres du Conseil d&#8217;administration<\/a>\n\t\t\t\t\t\t\t\t\t\t\t<button type=\"button\" id=\"fl-accordion--icon-3\" aria-expanded=\"false\" aria-controls=\"fl-accordion--panel-3\"><i>D\u00e9plier<\/i><\/button>\n\t\t\t\t\t<p><strong>Liane Bruneau<\/strong> si\u00e8ge au CA depuis belle lurette et le pr\u00e9side depuis 2018. Les continuels d\u00e9fis que repr\u00e9sentent le maintien et l&#8217;essor de la coop\u00e9rative sont ses stimulants quotidiens et c&#8217;est vraiment avec plaisir qu&#8217;elle travaille avec cette \u00e9quipe dynamique. Liane est tr\u00e8s friande de Spinning et de Circuit tonus!<\/p>\n<p><strong>Denyse Valli\u00e8res<\/strong>, est membre fondatrice de la Coop en 2014 et vice-pr\u00e9sidente. Denyse aide \u00e0 la pr\u00e9paration du budget, voit aux demandes de subvention et au recrutement du personnel. Denyse aime beaucoup le nouveau cours \u00ab Bouge de l\u00e0!<\/p>\n<p><strong>Mario Cardinal<\/strong> se joint \u00e0 nous en janvier 2022 et occupe le poste de tr\u00e9sorier. Il n&#8217;est pas rare de le voir arriver \u00e0 pied ou \u00e0 v\u00e9lo, petit \u00e9chauffement avant de s&#8217;entra\u00eener en salle.<\/p>\n<p><strong>Claudette Dupont<\/strong>, notre secr\u00e9taire, s&#8217;est jointe \u00e0 nous en 2019. Claudette nous est pr\u00e9cieuse en s&#8217;occupant aussi de la gestion des b\u00e9n\u00e9voles \u00e0 l&#8217;accueil. Claudette ne manque pas un cours de Posture Tonus!<\/p>\n<p><strong>Nicole Leclerc<\/strong> s&#8217;est jointe \u00e0 l&#8217;\u00e9quipe en octobre 2022. Avocate de formation et ayant \u0153uvr\u00e9 dans le domaine des assurances, son exp\u00e9rience nous est tr\u00e8s pr\u00e9cieuse. Nicole pr\u00e9f\u00e8re le Pr\u00e9-ski.<\/p>\n<p><strong>Mike McVey<\/strong> est membre du CA depuis septembre 2018 et fait partie du comit\u00e9 Marketing et communications et voit \u00e0 la justesse de celles-ci en anglais. Mike privil\u00e9gie le v\u00e9lo pour le cardio.<\/p>\n<p><strong>Andr\u00e9 Forest<\/strong>, fort de sa vaste exp\u00e9rience en gestion et au sein de diff\u00e9rents conseils d&#8217;administration, si\u00e8ge au CA depuis octobre 2021. Il privil\u00e9gie l&#8217;entra\u00eenement en salle.<\/p>\n<p><strong>Isabelle Cardinal<\/strong> est membre de l&#8217;\u00e9quipe depuis octobre 2024 et partage sa longue exp\u00e9rience en publicit\u00e9 et en image de marque. Elle aide \u00e0 rehausser et \u00e0 promouvoir l&#8217;image de notre gym. Elle adore les cours de Pilates et \u00ab Bouge de l\u00e0\u00bb&#8230;elle aime \u00e7a quand \u00e7a bouge!<\/p>\n<p><strong>\u00c9dith Dandenault<\/strong> nouvellement \u00e9lue au CA, arrive avec l&#8217;\u00e9nergie et les id\u00e9es pour lesquelles elle est connue. Marcheuse assidue, Edith choisit le Pilates et le Zumba pour dynamiser ses entra\u00eenements.<\/p>\n\t\t\t\t\t<a role=\"heading\" aria-level=\"2\" tabindex=\"-1\"  id=\"fl-accordion--label-4\">Nos Valeurs<\/a>\n\t\t\t\t\t\t\t\t\t\t\t<button type=\"button\" id=\"fl-accordion--icon-4\" aria-expanded=\"false\" aria-controls=\"fl-accordion--panel-4\"><i>D\u00e9plier<\/i><\/button>\n\t\t\t\t\t<ul>\n<li>p\u00e9rennit\u00e9 de l&#8217;organisation<\/li>\n<li>service de qualit\u00e9 et personnalis\u00e9 d&#8217;entra\u00eenement physique adapt\u00e9 aux besoins et capacit\u00e9s de chacun<\/li>\n<li>vision globale de la sant\u00e9 en offrant toutes les informations n\u00e9cessaires<\/li>\n<li>soutien et entraide par le b\u00e9n\u00e9volat<\/li>\n<li>\u00e9tablissement de liens sociaux entres les utilisateurs, tant \u00e0 l&#8217;int\u00e9rieur qu&#8217;\u00e0 l&#8217;ext\u00e9rieur<\/li>\n<\/ul>\n\t\t\t\t\t<a role=\"heading\" aria-level=\"2\" tabindex=\"-1\"  id=\"fl-accordion--label-5\">B\u00e9n\u00e9volat<\/a>\n\t\t\t\t\t\t\t\t\t\t\t<button type=\"button\" id=\"fl-accordion--icon-5\" aria-expanded=\"false\" aria-controls=\"fl-accordion--panel-5\"><i>D\u00e9plier<\/i><\/button>\n\t\t\t\t\t<p>La Coop gym sant\u00e9 Sutton ne serait pas ce qu&#8217;elle est sans l&#8217;appui ind\u00e9fectible de ses membres b\u00e9n\u00e9voles qui apportent leur soutien en assurant une pr\u00e9sence continue \u00e0 l&#8217;accueil, en mettant la main \u00e0 la p\u00e2te lors de travaux d&#8217;entretien et de r\u00e9novations ainsi que lors des campagnes de souscription.<\/p>\n\t<h5>Vous avez le go\u00fbt de devenir membre?<br \/>\nVous avez le go\u00fbt de vous entra\u00eener?<br \/>\nVous avez le go\u00fbt de vous impliquer?<\/h5>\n\tVenez discuter avec nous \u00e0 la Coop, nous serons heureux de vous recevoir<br \/>\net vous faire visiter notre gym.\nNous saurons r\u00e9pondre \u00e0 vos attentes. Vous \u00eates toujours bienvenus<br \/>\n\u00e0 la Coop Gym Sant\u00e9 Sutton.\n\n","protected":false},"excerpt":{"rendered":"<p>Cours Historique La Coop gym sant\u00e9 Sutton a vu le jour en 2014 lorsque les cinq membres du comit\u00e9 initiant le projet ont eu comme objectif d&#8217;offrir un \u00ab\u00a0produit\u00a0\u00bb diff\u00e9rent de ce qui existait dans l&#8217;univers des centres d&#8217;entra\u00eenement. Ils ne voulaient pas simplement faire diff\u00e9rent, mais r\u00e9aliser leur r\u00eave, qui est toujours\u00a0: de faciliter,&hellip;<\/p>\n","protected":false},"author":2,"featured_media":0,"parent":0,"menu_order":10,"comment_status":"closed","ping_status":"closed","template":"","meta":{"footnotes":""},"class_list":["post-1067","page","type-page","status-publish","hentry"],"yoast_head":"<!-- This site is optimized with the Yoast SEO plugin v27.4 - https:\/\/yoast.com\/product\/yoast-seo-wordpress\/ -->\n<title>About - Coop Gym Sant\u00e9 Sutton<\/title>\n<meta name=\"robots\" content=\"index, follow, max-snippet:-1, max-image-preview:large, max-video-preview:-1\" \/>\n<link rel=\"canonical\" href=\"https:\/\/coopgymsantesutton.com\/en\/about\/\" \/>\n<meta property=\"og:locale\" content=\"en_US\" \/>\n<meta property=\"og:type\" content=\"article\" \/>\n<meta property=\"og:title\" content=\"About - Coop Gym Sant\u00e9 Sutton\" \/>\n<meta property=\"og:description\" content=\"Cours Historique La Coop gym sant\u00e9 Sutton a vu le jour en 2014 lorsque les cinq membres du comit\u00e9 initiant le projet ont eu comme objectif d&#8217;offrir un \u00ab\u00a0produit\u00a0\u00bb diff\u00e9rent de ce qui existait dans l&#8217;univers des centres d&#8217;entra\u00eenement. Ils ne voulaient pas simplement faire diff\u00e9rent, mais r\u00e9aliser leur r\u00eave, qui est toujours\u00a0: de faciliter,&hellip;\" \/>\n<meta property=\"og:url\" content=\"https:\/\/coopgymsantesutton.com\/en\/about\/\" \/>\n<meta property=\"og:site_name\" content=\"Coop Gym Sant\u00e9 Sutton\" \/>\n<meta property=\"article:publisher\" content=\"https:\/\/www.facebook.com\/coopgymsantesutton\/\" \/>\n<meta property=\"article:modified_time\" content=\"2026-03-04T15:28:24+00:00\" \/>\n<meta property=\"og:image\" content=\"https:\/\/coopgymsantesutton.com\/wp-content\/uploads\/2026\/02\/Photo-CA-scaled.jpg\" \/>\n<meta name=\"twitter:card\" content=\"summary_large_image\" \/>\n<script type=\"application\/ld+json\" class=\"yoast-schema-graph\">{\"@context\":\"https:\\\/\\\/schema.org\",\"@graph\":[{\"@type\":\"WebPage\",\"@id\":\"https:\\\/\\\/coopgymsantesutton.com\\\/en\\\/about\\\/\",\"url\":\"https:\\\/\\\/coopgymsantesutton.com\\\/en\\\/about\\\/\",\"name\":\"About - Coop Gym Sant\u00e9 Sutton\",\"isPartOf\":{\"@id\":\"https:\\\/\\\/coopgymsantesutton.com\\\/en\\\/#website\"},\"primaryImageOfPage\":{\"@id\":\"https:\\\/\\\/coopgymsantesutton.com\\\/en\\\/about\\\/#primaryimage\"},\"image\":{\"@id\":\"https:\\\/\\\/coopgymsantesutton.com\\\/en\\\/about\\\/#primaryimage\"},\"thumbnailUrl\":\"https:\\\/\\\/coopgymsantesutton.com\\\/wp-content\\\/uploads\\\/2026\\\/02\\\/Photo-CA-scaled.jpg\",\"datePublished\":\"2021-05-31T18:30:50+00:00\",\"dateModified\":\"2026-03-04T15:28:24+00:00\",\"breadcrumb\":{\"@id\":\"https:\\\/\\\/coopgymsantesutton.com\\\/en\\\/about\\\/#breadcrumb\"},\"inLanguage\":\"en-US\",\"potentialAction\":[{\"@type\":\"ReadAction\",\"target\":[\"https:\\\/\\\/coopgymsantesutton.com\\\/en\\\/about\\\/\"]}]},{\"@type\":\"ImageObject\",\"inLanguage\":\"en-US\",\"@id\":\"https:\\\/\\\/coopgymsantesutton.com\\\/en\\\/about\\\/#primaryimage\",\"url\":\"https:\\\/\\\/coopgymsantesutton.com\\\/wp-content\\\/uploads\\\/2026\\\/02\\\/Photo-CA-scaled.jpg\",\"contentUrl\":\"https:\\\/\\\/coopgymsantesutton.com\\\/wp-content\\\/uploads\\\/2026\\\/02\\\/Photo-CA-scaled.jpg\"},{\"@type\":\"BreadcrumbList\",\"@id\":\"https:\\\/\\\/coopgymsantesutton.com\\\/en\\\/about\\\/#breadcrumb\",\"itemListElement\":[{\"@type\":\"ListItem\",\"position\":1,\"name\":\"Accueil\",\"item\":\"https:\\\/\\\/coopgymsantesutton.com\\\/en\\\/\"},{\"@type\":\"ListItem\",\"position\":2,\"name\":\"About\"}]},{\"@type\":\"WebSite\",\"@id\":\"https:\\\/\\\/coopgymsantesutton.com\\\/en\\\/#website\",\"url\":\"https:\\\/\\\/coopgymsantesutton.com\\\/en\\\/\",\"name\":\"Coop Gym Sant\u00e9 Sutton\",\"description\":\"Votre centre d&#039;entrainement \u00e0 Sutton\",\"publisher\":{\"@id\":\"https:\\\/\\\/coopgymsantesutton.com\\\/en\\\/#organization\"},\"potentialAction\":[{\"@type\":\"SearchAction\",\"target\":{\"@type\":\"EntryPoint\",\"urlTemplate\":\"https:\\\/\\\/coopgymsantesutton.com\\\/en\\\/?s={search_term_string}\"},\"query-input\":{\"@type\":\"PropertyValueSpecification\",\"valueRequired\":true,\"valueName\":\"search_term_string\"}}],\"inLanguage\":\"en-US\"},{\"@type\":\"Organization\",\"@id\":\"https:\\\/\\\/coopgymsantesutton.com\\\/en\\\/#organization\",\"name\":\"Coop Gym Sant\u00e9 Sutton\",\"url\":\"https:\\\/\\\/coopgymsantesutton.com\\\/en\\\/\",\"logo\":{\"@type\":\"ImageObject\",\"inLanguage\":\"en-US\",\"@id\":\"https:\\\/\\\/coopgymsantesutton.com\\\/en\\\/#\\\/schema\\\/logo\\\/image\\\/\",\"url\":\"\",\"contentUrl\":\"\",\"caption\":\"Coop Gym Sant\u00e9 Sutton\"},\"image\":{\"@id\":\"https:\\\/\\\/coopgymsantesutton.com\\\/en\\\/#\\\/schema\\\/logo\\\/image\\\/\"},\"sameAs\":[\"https:\\\/\\\/www.facebook.com\\\/coopgymsantesutton\\\/\",\"https:\\\/\\\/www.instagram.com\\\/coopgymsantesutton\\\/\",\"https:\\\/\\\/www.youtube.com\\\/channel\\\/UCJUx6BeenYy3V_0Fg7cYY2g\"]}]}<\/script>\n<!-- \/ Yoast SEO plugin. -->","yoast_head_json":{"title":"About - Coop Gym Sant\u00e9 Sutton","robots":{"index":"index","follow":"follow","max-snippet":"max-snippet:-1","max-image-preview":"max-image-preview:large","max-video-preview":"max-video-preview:-1"},"canonical":"https:\/\/coopgymsantesutton.com\/en\/about\/","og_locale":"en_US","og_type":"article","og_title":"About - Coop Gym Sant\u00e9 Sutton","og_description":"Cours Historique La Coop gym sant\u00e9 Sutton a vu le jour en 2014 lorsque les cinq membres du comit\u00e9 initiant le projet ont eu comme objectif d&#8217;offrir un \u00ab\u00a0produit\u00a0\u00bb diff\u00e9rent de ce qui existait dans l&#8217;univers des centres d&#8217;entra\u00eenement. Ils ne voulaient pas simplement faire diff\u00e9rent, mais r\u00e9aliser leur r\u00eave, qui est toujours\u00a0: de faciliter,&hellip;","og_url":"https:\/\/coopgymsantesutton.com\/en\/about\/","og_site_name":"Coop Gym Sant\u00e9 Sutton","article_publisher":"https:\/\/www.facebook.com\/coopgymsantesutton\/","article_modified_time":"2026-03-04T15:28:24+00:00","og_image":[{"url":"https:\/\/coopgymsantesutton.com\/wp-content\/uploads\/2026\/02\/Photo-CA-scaled.jpg","type":"","width":"","height":""}],"twitter_card":"summary_large_image","schema":{"@context":"https:\/\/schema.org","@graph":[{"@type":"WebPage","@id":"https:\/\/coopgymsantesutton.com\/en\/about\/","url":"https:\/\/coopgymsantesutton.com\/en\/about\/","name":"About - Coop Gym Sant\u00e9 Sutton","isPartOf":{"@id":"https:\/\/coopgymsantesutton.com\/en\/#website"},"primaryImageOfPage":{"@id":"https:\/\/coopgymsantesutton.com\/en\/about\/#primaryimage"},"image":{"@id":"https:\/\/coopgymsantesutton.com\/en\/about\/#primaryimage"},"thumbnailUrl":"https:\/\/coopgymsantesutton.com\/wp-content\/uploads\/2026\/02\/Photo-CA-scaled.jpg","datePublished":"2021-05-31T18:30:50+00:00","dateModified":"2026-03-04T15:28:24+00:00","breadcrumb":{"@id":"https:\/\/coopgymsantesutton.com\/en\/about\/#breadcrumb"},"inLanguage":"en-US","potentialAction":[{"@type":"ReadAction","target":["https:\/\/coopgymsantesutton.com\/en\/about\/"]}]},{"@type":"ImageObject","inLanguage":"en-US","@id":"https:\/\/coopgymsantesutton.com\/en\/about\/#primaryimage","url":"https:\/\/coopgymsantesutton.com\/wp-content\/uploads\/2026\/02\/Photo-CA-scaled.jpg","contentUrl":"https:\/\/coopgymsantesutton.com\/wp-content\/uploads\/2026\/02\/Photo-CA-scaled.jpg"},{"@type":"BreadcrumbList","@id":"https:\/\/coopgymsantesutton.com\/en\/about\/#breadcrumb","itemListElement":[{"@type":"ListItem","position":1,"name":"Accueil","item":"https:\/\/coopgymsantesutton.com\/en\/"},{"@type":"ListItem","position":2,"name":"About"}]},{"@type":"WebSite","@id":"https:\/\/coopgymsantesutton.com\/en\/#website","url":"https:\/\/coopgymsantesutton.com\/en\/","name":"Coop Gym Sant\u00e9 Sutton","description":"Votre centre d&#039;entrainement \u00e0 Sutton","publisher":{"@id":"https:\/\/coopgymsantesutton.com\/en\/#organization"},"potentialAction":[{"@type":"SearchAction","target":{"@type":"EntryPoint","urlTemplate":"https:\/\/coopgymsantesutton.com\/en\/?s={search_term_string}"},"query-input":{"@type":"PropertyValueSpecification","valueRequired":true,"valueName":"search_term_string"}}],"inLanguage":"en-US"},{"@type":"Organization","@id":"https:\/\/coopgymsantesutton.com\/en\/#organization","name":"Coop Gym Sant\u00e9 Sutton","url":"https:\/\/coopgymsantesutton.com\/en\/","logo":{"@type":"ImageObject","inLanguage":"en-US","@id":"https:\/\/coopgymsantesutton.com\/en\/#\/schema\/logo\/image\/","url":"","contentUrl":"","caption":"Coop Gym Sant\u00e9 Sutton"},"image":{"@id":"https:\/\/coopgymsantesutton.com\/en\/#\/schema\/logo\/image\/"},"sameAs":["https:\/\/www.facebook.com\/coopgymsantesutton\/","https:\/\/www.instagram.com\/coopgymsantesutton\/","https:\/\/www.youtube.com\/channel\/UCJUx6BeenYy3V_0Fg7cYY2g"]}]}},"_links":{"self":[{"href":"https:\/\/coopgymsantesutton.com\/en\/wp-json\/wp\/v2\/pages\/1067","targetHints":{"allow":["GET"]}}],"collection":[{"href":"https:\/\/coopgymsantesutton.com\/en\/wp-json\/wp\/v2\/pages"}],"about":[{"href":"https:\/\/coopgymsantesutton.com\/en\/wp-json\/wp\/v2\/types\/page"}],"author":[{"embeddable":true,"href":"https:\/\/coopgymsantesutton.com\/en\/wp-json\/wp\/v2\/users\/2"}],"replies":[{"embeddable":true,"href":"https:\/\/coopgymsantesutton.com\/en\/wp-json\/wp\/v2\/comments?post=1067"}],"version-history":[{"count":10,"href":"https:\/\/coopgymsantesutton.com\/en\/wp-json\/wp\/v2\/pages\/1067\/revisions"}],"predecessor-version":[{"id":5513,"href":"https:\/\/coopgymsantesutton.com\/en\/wp-json\/wp\/v2\/pages\/1067\/revisions\/5513"}],"wp:attachment":[{"href":"https:\/\/coopgymsantesutton.com\/en\/wp-json\/wp\/v2\/media?parent=1067"}],"curies":[{"name":"wp","href":"https:\/\/api.w.org\/{rel}","templated":true}]}}